{"id":10,"date":"2012-02-17T13:57:40","date_gmt":"2012-02-17T13:57:40","guid":{"rendered":"http:\/\/bsg-me.de\/?page_id=10"},"modified":"2025-03-10T19:16:58","modified_gmt":"2025-03-10T19:16:58","slug":"unser-verein","status":"publish","type":"page","link":"https:\/\/bsg-me.de\/?page_id=10","title":{"rendered":"Unser Verein"},"content":{"rendered":"<p>Wir sind Mitglied im <a title=\"http:\/\/www.bsnw.de\/\" href=\"http:\/\/www.bsnw.de\/\">Behinderten Sportverband NRW<\/a>. Jeder kann unserem Verein beitreten. Dazu drucken Sie einen <a title=\"Aufnahmeantrag.pdf\" href=\"https:\/\/bsg-me.de\/wp-content\/uploads\/2012\/02\/Aufnahmeantrag1.pdf\">Mitgliedsantrag<\/a> aus und senden ihn ausgef\u00fcllt an unsere Gesch\u00e4ftsadresse. Die Mitgliedsgeb\u00fchren k\u00f6nnen Sie der <a title=\"Beitragsordnung\" href=\"https:\/\/bsg-me.de\/wp-content\/uploads\/2014\/06\/BSG-Mettmann.pdf\">Beitragsordnung<\/a> entnehmen.<\/p>\n<p style=\"text-align: center;\"><span style=\"color: #000000; font-family: Times New Roman;\">\u00a0<span style=\"font-size: 14pt;\"><strong><span style=\"font-family: arial, helvetica, sans-serif;\"> Neuer Vorstand<\/span><\/strong><\/span><\/span><\/p>\n<p>&nbsp;<\/p>\n<p><span style=\"font-family: arial, helvetica, sans-serif;\"><strong><span style=\"color: #333333;\">\u00a0\u00a0<span style=\"color: #000000;\">1. Vorsitzende\u00a0<\/span><\/span><\/strong><\/span><\/p>\n<p><span style=\"color: #333333;\"><a href=\"https:\/\/bsg-me.de\/wp-content\/uploads\/2019\/11\/20.jpg\"><img decoding=\"async\" class=\"wp-image-3421 alignnone\" src=\"https:\/\/bsg-me.de\/wp-content\/uploads\/2019\/11\/20.jpg\" alt=\"\" width=\"193\" height=\"229\" srcset=\"https:\/\/bsg-me.de\/wp-content\/uploads\/2019\/11\/20.jpg 386w, https:\/\/bsg-me.de\/wp-content\/uploads\/2019\/11\/20-253x300.jpg 253w\" sizes=\"(max-width: 193px) 100vw, 193px\" \/><\/a>\u00a0\u00a0\u00a0\u00a0\u00a0\u00a0<\/span><\/p>\n<p><span style=\"color: #333333;\"><span style=\"color: #000000;\"><strong><span style=\"font-family: arial, helvetica, sans-serif;\">Sigrid Ehrhard<\/span>\u00a0\u00a0\u00a0<\/strong><span style=\"font-family: arial, helvetica, sans-serif;\">Tel: 02104 &#8211; 53977<\/span><\/span><\/span><\/p>\n<p>&nbsp;<\/p>\n<p>&nbsp;<\/p>\n<p><span style=\"font-family: arial, helvetica, sans-serif;\"><span style=\"color: #000000;\"><strong>\u00a02<\/strong><\/span><span style=\"color: #000000;\"><strong>. <\/strong><strong>Vorsitzender<\/strong><\/span><\/span><\/p>\n<p><span style=\"color: #333333;\">\u00a0<img decoding=\"async\" class=\"alignnone  wp-image-4958\" src=\"https:\/\/bsg-me.de\/wp-content\/uploads\/2025\/03\/Ewald-Buescher-250x300.jpg\" alt=\"\" width=\"195\" height=\"234\" srcset=\"https:\/\/bsg-me.de\/wp-content\/uploads\/2025\/03\/Ewald-Buescher-250x300.jpg 250w, https:\/\/bsg-me.de\/wp-content\/uploads\/2025\/03\/Ewald-Buescher.jpg 514w\" sizes=\"(max-width: 195px) 100vw, 195px\" \/>\u00a0 \u00a0\u00a0<strong>\u00a0 \u00a0 \u00a0 \u00a0 \u00a0 \u00a0 \u00a0 \u00a0 \u00a0 \u00a0 \u00a0 \u00a0 \u00a0 \u00a0 \u00a0 \u00a0 \u00a0 \u00a0 \u00a0 \u00a0 \u00a0 \u00a0 \u00a0\u00a0<\/strong><\/span><\/p>\n<p><strong><span style=\"font-family: arial, helvetica, sans-serif;\">Ewald B\u00fcscher <\/span>\u00a0\u00a0 <\/strong><span style=\"color: #000000; font-family: arial, helvetica, sans-serif;\">Tel.: 02104 \u2013 12228<br \/>\n<\/span><\/p>\n<p>&nbsp;<\/p>\n<p>&nbsp;<\/p>\n<p><span style=\"color: #333333;\"><span style=\"font-family: arial, helvetica, sans-serif;\">\u00a0<strong>Kassiererin<\/strong><\/span>\u00a0\u00a0<\/span><\/p>\n<p><img fetchpriority=\"high\" decoding=\"async\" class=\"alignnone wp-image-4356\" src=\"https:\/\/bsg-me.de\/wp-content\/uploads\/2023\/07\/Brigitte-Hille--238x300.jpg\" alt=\"\" width=\"205\" height=\"258\" srcset=\"https:\/\/bsg-me.de\/wp-content\/uploads\/2023\/07\/Brigitte-Hille--238x300.jpg 238w, https:\/\/bsg-me.de\/wp-content\/uploads\/2023\/07\/Brigitte-Hille--813x1024.jpg 813w, https:\/\/bsg-me.de\/wp-content\/uploads\/2023\/07\/Brigitte-Hille-.jpg 816w\" sizes=\"(max-width: 205px) 100vw, 205px\" \/><\/p>\n<p><span style=\"font-family: arial, helvetica, sans-serif;\"><strong>Brigitte Hille\u00a0<\/strong><\/span> \u00a0 <span style=\"font-family: arial, helvetica, sans-serif;\">\u00a0Tel.: 02104 &#8211; 5042821<\/span><\/p>\n<p>&nbsp;<\/p>\n<p>&nbsp;<\/p>\n<p><span style=\"color: #000000; font-family: arial, helvetica, sans-serif;\"><b>\u00a0Schriftf\u00fchrer<\/b><\/span><\/p>\n<address><strong><span style=\"color: #000000;\"> <img loading=\"lazy\" decoding=\"async\" class=\"alignnone wp-image-4358\" src=\"https:\/\/bsg-me.de\/wp-content\/uploads\/2023\/07\/Heinrich-Mickartz-236x300.jpg\" alt=\"\" width=\"202\" height=\"257\" srcset=\"https:\/\/bsg-me.de\/wp-content\/uploads\/2023\/07\/Heinrich-Mickartz-236x300.jpg 236w, https:\/\/bsg-me.de\/wp-content\/uploads\/2023\/07\/Heinrich-Mickartz-807x1024.jpg 807w, https:\/\/bsg-me.de\/wp-content\/uploads\/2023\/07\/Heinrich-Mickartz.jpg 832w\" sizes=\"(max-width: 202px) 100vw, 202px\" \/><\/span><\/strong><\/address>\n<p><strong><span style=\"font-family: arial, helvetica, sans-serif;\">Heinrich Mickartz <\/span><\/strong>\u00a0 <span style=\"font-family: arial, helvetica, sans-serif;\">\u00a0 Tel.:\u00a0 02104 &#8211; 957878<\/span><\/p>\n<p>&nbsp;<\/p>\n<p>&nbsp;<\/p>\n<p><strong><span style=\"color: #000000; font-family: arial, helvetica, sans-serif;\">\u00a0Sportwart<\/span><\/strong><\/p>\n<address><span style=\"color: #000000;\"><strong><b> <img loading=\"lazy\" decoding=\"async\" class=\"alignnone size-medium wp-image-4341\" src=\"https:\/\/bsg-me.de\/wp-content\/uploads\/2023\/04\/Peter-Pumm-0-224x300.jpg\" alt=\"\" width=\"224\" height=\"300\" srcset=\"https:\/\/bsg-me.de\/wp-content\/uploads\/2023\/04\/Peter-Pumm-0-224x300.jpg 224w, https:\/\/bsg-me.de\/wp-content\/uploads\/2023\/04\/Peter-Pumm-0.jpg 343w\" sizes=\"(max-width: 224px) 100vw, 224px\" \/> \u00a0 \u00a0 \u00a0 \u00a0 \u00a0 \u00a0 \u00a0 \u00a0 \u00a0 \u00a0 \u00a0 \u00a0 \u00a0 \u00a0 \u00a0 \u00a0 \u00a0 \u00a0 \u00a0 \u00a0 \u00a0 \u00a0 \u00a0 \u00a0 \u00a0 \u00a0 \u00a0 \u00a0 \u00a0<\/b><\/strong><\/span><\/address>\n<p><span style=\"font-family: arial, helvetica, sans-serif;\"><strong>Peter Pumm <\/strong> \u00a0\u00a0 Tel. 02104 &#8211; 2145046\u00a0\u00a0 <\/span><b><span style=\"color: #333333;\">\u00a0<\/span><\/b><strong>\u00a0 \u00a0 <\/strong><\/p>\n<p>&nbsp;<\/p>\n<p>&nbsp;<\/p>\n<p><strong>\u00a0 \u00a0 \u00a0 \u00a0 \u00a0 \u00a0 \u00a0 \u00a0 \u00a0 \u00a0 \u00a0\u00a0<\/strong><\/p>\n<p><span style=\"color: #ff0000; font-size: 14pt; font-family: arial, helvetica, sans-serif;\"><strong>Sportarzt<\/strong><\/span><\/p>\n<address><strong><span style=\"font-size: 16px;\"><span style=\"color: #000000; font-family: arial, helvetica, sans-serif;\">Ulrich K\u00f6ster<\/span><\/span><\/strong><\/address>\n<address><span style=\"font-size: 16px;\"><strong><span style=\"color: #000000; font-family: arial, helvetica, sans-serif;\">Peckhauser Str. 5<\/span><\/strong><\/span><\/address>\n<address><span style=\"font-size: 16px;\"><strong><span style=\"color: #000000; font-family: arial, helvetica, sans-serif;\">40822 Mettmann<\/span><\/strong><\/span><\/address>\n<p><span style=\"color: #ff0000;\"><strong>Tel.: <span style=\"font-family: arial, helvetica, sans-serif;\">02104 &#8211; 82041<\/span><\/strong><\/span><\/p>\n","protected":false},"excerpt":{"rendered":"<p>Wir sind Mitglied im Behinderten Sportverband NRW. Jeder kann unserem Verein beitreten. Dazu drucken Sie einen Mitgliedsantrag aus und senden ihn ausgef\u00fcllt an unsere Gesch\u00e4ftsadresse. Die Mitgliedsgeb\u00fchren k\u00f6nnen Sie der Beitragsordnung entnehmen. \u00a0 Neuer Vorstand &nbsp; \u00a0\u00a01. Vorsitzende\u00a0 \u00a0\u00a0\u00a0\u00a0\u00a0\u00a0 Sigrid &hellip; <a href=\"https:\/\/bsg-me.de\/?page_id=10\">Weiterlesen <span class=\"meta-nav\">&rarr;<\/span><\/a><\/p>\n","protected":false},"author":1,"featured_media":0,"parent":0,"menu_order":2,"comment_status":"closed","ping_status":"closed","template":"","meta":{"footnotes":""},"class_list":["post-10","page","type-page","status-publish","hentry"],"jetpack_sharing_enabled":true,"_links":{"self":[{"href":"https:\/\/bsg-me.de\/index.php?rest_route=\/wp\/v2\/pages\/10","targetHints":{"allow":["GET"]}}],"collection":[{"href":"https:\/\/bsg-me.de\/index.php?rest_route=\/wp\/v2\/pages"}],"about":[{"href":"https:\/\/bsg-me.de\/index.php?rest_route=\/wp\/v2\/types\/page"}],"author":[{"embeddable":true,"href":"https:\/\/bsg-me.de\/index.php?rest_route=\/wp\/v2\/users\/1"}],"replies":[{"embeddable":true,"href":"https:\/\/bsg-me.de\/index.php?rest_route=%2Fwp%2Fv2%2Fcomments&post=10"}],"version-history":[{"count":167,"href":"https:\/\/bsg-me.de\/index.php?rest_route=\/wp\/v2\/pages\/10\/revisions"}],"predecessor-version":[{"id":4959,"href":"https:\/\/bsg-me.de\/index.php?rest_route=\/wp\/v2\/pages\/10\/revisions\/4959"}],"wp:attachment":[{"href":"https:\/\/bsg-me.de\/index.php?rest_route=%2Fwp%2Fv2%2Fmedia&parent=10"}],"curies":[{"name":"wp","href":"https:\/\/api.w.org\/{rel}","templated":true}]}}