{"id":14,"date":"2012-02-17T13:59:36","date_gmt":"2012-02-17T13:59:36","guid":{"rendered":"http:\/\/bsg-me.de\/?page_id=14"},"modified":"2025-07-05T10:25:36","modified_gmt":"2025-07-05T10:25:36","slug":"sportabteilungen","status":"publish","type":"page","link":"https:\/\/bsg-me.de\/?page_id=14","title":{"rendered":"Sportabteilungen"},"content":{"rendered":"<hr \/>\n<p style=\"text-align: center;\"><span style=\"color: #0000ff; font-family: arial, helvetica, sans-serif; font-size: 32px;\">Hallenboccia<\/span><\/p>\n<p><strong><a href=\"https:\/\/bsg-me.de\/wp-content\/uploads\/2012\/02\/boccia-australia.jpg\"><img decoding=\"async\" class=\"aligncenter wp-image-1892\" src=\"https:\/\/bsg-me.de\/wp-content\/uploads\/2012\/02\/boccia-australia.jpg\" alt=\"boccia-australia\" width=\"229\" height=\"203\" srcset=\"https:\/\/bsg-me.de\/wp-content\/uploads\/2012\/02\/boccia-australia.jpg 720w, https:\/\/bsg-me.de\/wp-content\/uploads\/2012\/02\/boccia-australia-300x266.jpg 300w\" sizes=\"(max-width: 229px) 100vw, 229px\" \/><\/a> <\/strong><\/p>\n<p style=\"text-align: center;\"><a title=\"Sportart Boccia\" href=\"https:\/\/bsg-me.de\/?page_id=188\">Hier erfahren Sie alles zur Sportart.<\/a><\/p>\n<h4><span style=\"color: #000000; font-family: arial, helvetica, sans-serif; font-size: 12pt;\">\u00dcbungsort: Turnhalle Grundschule am Neandertal, Gruitener Str. 14, Mettmann, jeden Mittwoch von <strong>18:00 &#8211; 20:00 <\/strong>Uhr, au\u00dfer w\u00e4hrend der Schulferien, da bleibt die Turnhalle geschlossen. Ansprechpartner: Sigrid Ehrhard, Tel. 02104 &#8211; 53977.<\/span><\/h4>\n<h4><span style=\"color: #000000; font-family: arial, helvetica, sans-serif; font-size: 12pt;\">Der Mitgliedsbeitrag deckt diese Sportart ab.<\/span><\/h4>\n<p>&nbsp;<\/p>\n<p style=\"text-align: center;\"><span style=\"font-family: arial, helvetica, sans-serif; font-size: 28px; color: #f20000;\">Bosseln<\/span><\/p>\n<p style=\"text-align: center;\"><a href=\"https:\/\/bsg-me.de\/wp-content\/uploads\/2012\/02\/400_F_31194397_vzvi8wtGjgXrEif600pTjsy3AV6S1eNm.jpg\" rel=\"attachment wp-att-1706\"><img fetchpriority=\"high\" decoding=\"async\" class=\"aligncenter size-full wp-image-1706\" src=\"https:\/\/bsg-me.de\/wp-content\/uploads\/2012\/02\/400_F_31194397_vzvi8wtGjgXrEif600pTjsy3AV6S1eNm.jpg\" alt=\"400_F_31194397_vzvi8wtGjgXrEif600pTjsy3AV6S1eNm\" width=\"253\" height=\"250\" \/><\/a><\/p>\n<p>\u00a0 <a href=\"https:\/\/bsg-me.de\/wp-content\/uploads\/2012\/03\/bossel_film1.gif\"><img decoding=\"async\" class=\"size-full wp-image-164 aligncenter\" title=\"bossel_film1\" src=\"https:\/\/bsg-me.de\/wp-content\/uploads\/2012\/03\/bossel_film1.gif\" alt=\"\" width=\"105\" height=\"105\" \/><\/a><\/p>\n<p style=\"text-align: center;\"><a title=\"Sportart Bosseln\" href=\"https:\/\/bsg-me.de\/?page_id=163\">Hier erfahren Sie alles zur Sportart.<\/a><\/p>\n<p><span style=\"color: #000000; font-family: arial, helvetica, sans-serif;\"><strong>\u00dcbungsort:<\/strong> Turnhalle Grundschule am Neandertal, Gruitener Str. 14, Mettmann, jeden Donnerstag von 17:00 &#8211; 19:00 Uhr, au\u00dfer w\u00e4hrend der Schulferien.\u00a0Ansprechpartner: Peter Pumm, Tel. 02104 &#8211; 214 5046. Der Mitgliedsbeitrag deckt diese Sportart ab.<\/span><\/p>\n<p>&nbsp;<\/p>\n<p style=\"text-align: center;\"><span style=\"font-family: arial, helvetica, sans-serif; font-size: 28px;\">Sportkegeln<\/span><\/p>\n<p style=\"text-align: center;\"><strong><a href=\"https:\/\/bsg-me.de\/wp-content\/uploads\/2012\/02\/sport-bowling_07.gif\"><img loading=\"lazy\" decoding=\"async\" class=\"aligncenter size-full wp-image-1997\" src=\"https:\/\/bsg-me.de\/wp-content\/uploads\/2012\/02\/sport-bowling_07.gif\" alt=\"\" width=\"160\" height=\"120\" \/><\/a><\/strong><\/p>\n<p>&nbsp;<\/p>\n<h4 style=\"text-align: center;\"><a title=\"Sportkegeln\" href=\"https:\/\/bsg-me.de\/?page_id=300\">Hier erfahren Sie alles zur Sportart<\/a><\/h4>\n<h4><\/h4>\n<h4 style=\"text-align: center;\"><span style=\"font-family: arial, helvetica, sans-serif;\"><span style=\"font-size: 16px;\"><strong>\u00dc<\/strong><span style=\"color: #000000;\"><strong>bungsort:<\/strong>\u00a0<\/span><\/span>auf Mettmanner Str. 137, 42489 W\u00fclfrath \u2013<span style=\"color: #f20000;\">\u00a0<strong><span style=\"color: #f20000;\">Akropolis<\/span>\u00a0<\/strong>\u00a0<\/span><\/span><\/h4>\n<h4 style=\"text-align: center;\"><span style=\"font-family: arial, helvetica, sans-serif; font-size: 16px;\"><span style=\"color: #000000;\"> einmal im Monat &#8211; Montags von 17:00 &#8211; 20:00 Uhr.<\/span><\/span><\/h4>\n<p style=\"text-align: center;\"><strong><span style=\"font-family: arial, helvetica, sans-serif; font-size: 17px;\">Kegeln alle 4 Wochen\u00a0<\/span><\/strong><\/p>\n<h4><span style=\"font-size: 14px;\"><span style=\"font-family: arial, helvetica, sans-serif;\"><span style=\"color: #000000;\">\u00a0Ansprechpartner: Peter Pumm, <\/span><\/span><span style=\"font-family: arial, helvetica, sans-serif;\"><span style=\"color: #000000;\"><span style=\"font-family: tahoma, arial, helvetica, sans-serif;\">Tel. 02104 &#8211; 214 5046. Der Mitgliedsbeitrag deckt diese Sportart ab.<\/span><\/span><\/span><\/span><\/h4>\n<p>&nbsp;<\/p>\n<p>&nbsp;<\/p>\n<p><span style=\"color: #000000;\"><strong>Rehasportangebote<\/strong><\/span><\/p>\n<h4><span style=\"font-family: Arial,sans-serif;\">Rehabilitationssport wirkt mit den Mitteln des Sports und sportlich ausgerichteter Spiele ganzheitlich auf den Betroffenen ein, um insbesondere seine Ausdauer, Koordination, Flexibilit\u00e4t und Kraft zu st\u00e4rken. Er umfasst \u00dcbungen, die als Gruppenbehandlung unter Leitung von Fach\u00fcbungsleitern mit besonderem Qualifikationsnachweis im Rahmen regelm\u00e4\u00dfig abgehaltener \u00dcbungsveranstaltungen durchgef\u00fchrt werden.<\/span><\/h4>\n<h4><span style=\"font-family: Arial,sans-serif;\">In diesem Zusammenhang bieten wir als Schwerpunkt an:<\/span><\/h4>\n<p style=\"text-align: center;\"><span style=\"font-family: Arial,sans-serif;\">Sport f\u00fcr Wirbels\u00e4ulen &#8211; Gymnastik<\/span><\/p>\n<p style=\"text-align: center;\"><span style=\"font-family: Arial,sans-serif;\">Sport f\u00fcr Wirbels\u00e4ulen schonende Gymnastik<\/span><\/p>\n<p style=\"text-align: center;\"><span style=\"font-family: Arial,sans-serif;\">Sport f\u00fcr Osteoporose <\/span><\/p>\n<p>&nbsp;<\/p>\n<p style=\"text-align: center;\"><strong>Wassergymnastik und Schwimmen <\/strong><\/p>\n<p><strong><a href=\"https:\/\/bsg-me.de\/wp-content\/uploads\/2012\/03\/Wassergym11.jpg\"><img loading=\"lazy\" decoding=\"async\" class=\"aligncenter wp-image-346\" title=\"Wassergym1\" src=\"https:\/\/bsg-me.de\/wp-content\/uploads\/2012\/03\/Wassergym11-300x225.jpg\" alt=\"\" width=\"357\" height=\"268\" srcset=\"https:\/\/bsg-me.de\/wp-content\/uploads\/2012\/03\/Wassergym11-300x225.jpg 300w, https:\/\/bsg-me.de\/wp-content\/uploads\/2012\/03\/Wassergym11.jpg 320w\" sizes=\"(max-width: 357px) 100vw, 357px\" \/><\/a><\/strong><\/p>\n<h4 style=\"text-align: center;\"><a title=\"Wassergymnastik und Schwimmen\" href=\"https:\/\/bsg-me.de\/?page_id=308\">Hier erfahren Sie alles zur Sportart<\/a><\/h4>\n<h4><span style=\"font-size: 12pt;\">\u00dcbungsort: <a title=\"http:\/\/www.mettmann.de\/hallenbad\/index.php\" href=\"http:\/\/www.mettmann.de\/hallenbad\/index.php\">Hallenbad am Lavalplatz<\/a> , Gottfried-Wetzel-Str. 2 &#8211; 4, Mettmann,<\/span><\/h4>\n<h4><span style=\"font-size: 12pt;\">\u00a0<strong>jeden Montag<\/strong><\/span><\/h4>\n<p style=\"margin: 0cm 0cm 0pt;\"><span style=\"font-family: tahoma, arial, helvetica, sans-serif; font-size: 12pt;\"><span style=\"color: #000000;\">Gruppe I\u00a0\u00a0\u00a0\u00a0\u00a0\u00a0\u00a0<span style=\"font-family: arial, helvetica, sans-serif;\">\u00a0\u00a0\u00a0 18:15 Uhr \u2013 19:00 Uhr<\/span><\/span><\/span><\/p>\n<h4><\/h4>\n<p style=\"margin: 0cm 0cm 0pt;\"><span style=\"font-family: tahoma, arial, helvetica, sans-serif; font-size: 10pt;\"><span style=\"color: #000000;\"><span style=\"font-size: 12pt;\">Gruppe II\u00a0\u00a0\u00a0\u00a0\u00a0\u00a0<span style=\"font-family: arial, helvetica, sans-serif;\"> \u00a0\u00a0 18:15 Uhr \u2013 19:30 Uhr<br \/>\n<\/span><\/span><\/span><\/span><\/p>\n<h4><\/h4>\n<p style=\"margin: 0cm 0cm 0pt; border: currentColor;\"><span style=\"font-family: tahoma, arial, helvetica, sans-serif; font-size: 12pt;\"><span style=\"color: #000000;\">Gruppe III\u00a0\u00a0\u00a0\u00a0\u00a0<span style=\"font-family: arial, helvetica, sans-serif;\">\u00a0\u00a0\u00a019:00 Uhr \u2013 19:45 Uhr<\/span><\/span><\/span><\/p>\n<h4><\/h4>\n<h4><span style=\"font-size: 12pt; font-family: arial, helvetica, sans-serif;\">Diese Angebote werden unter Anleitung von Fach\u00fcbungsleiterrinnen durchgef\u00fchrt.<br \/>\n<\/span><\/h4>\n<p><span style=\"font-size: 12pt; font-family: arial, helvetica, sans-serif;\">Neben dem Mitgliedsbeitrag ist ein geringer Zuschlag zu zahlen.<\/span><\/p>\n<p>&nbsp;<\/p>\n<p><strong><span style=\"font-family: arial, helvetica, sans-serif;\">Auf der Rehacar 2014 in D\u00fcsseldorf<\/span><\/strong><\/p>\n<p><strong><span style=\"font-family: arial, helvetica, sans-serif;\">Auftritt der Gymnastikgruppe der BSG Mettmann mit 40 Personen<\/span><\/strong><\/p>\n<p><a href=\"https:\/\/bsg-me.de\/wp-content\/uploads\/2012\/02\/MVI_0290-090.jpg\"><img loading=\"lazy\" decoding=\"async\" class=\"aligncenter wp-image-1297\" src=\"https:\/\/bsg-me.de\/wp-content\/uploads\/2012\/02\/MVI_0290-090.jpg\" alt=\"MVI_0290 090\" width=\"393\" height=\"220\" srcset=\"https:\/\/bsg-me.de\/wp-content\/uploads\/2012\/02\/MVI_0290-090.jpg 1920w, https:\/\/bsg-me.de\/wp-content\/uploads\/2012\/02\/MVI_0290-090-300x169.jpg 300w, https:\/\/bsg-me.de\/wp-content\/uploads\/2012\/02\/MVI_0290-090-1024x576.jpg 1024w, https:\/\/bsg-me.de\/wp-content\/uploads\/2012\/02\/MVI_0290-090-900x506.jpg 900w\" sizes=\"(max-width: 393px) 100vw, 393px\" \/><\/a> <a href=\"https:\/\/bsg-me.de\/wp-content\/uploads\/2012\/02\/MVI_0290-097.jpg\"><img loading=\"lazy\" decoding=\"async\" class=\"aligncenter wp-image-1298\" src=\"https:\/\/bsg-me.de\/wp-content\/uploads\/2012\/02\/MVI_0290-097.jpg\" alt=\"MVI_0290 097\" width=\"390\" height=\"220\" srcset=\"https:\/\/bsg-me.de\/wp-content\/uploads\/2012\/02\/MVI_0290-097.jpg 1920w, https:\/\/bsg-me.de\/wp-content\/uploads\/2012\/02\/MVI_0290-097-300x169.jpg 300w, https:\/\/bsg-me.de\/wp-content\/uploads\/2012\/02\/MVI_0290-097-1024x576.jpg 1024w, https:\/\/bsg-me.de\/wp-content\/uploads\/2012\/02\/MVI_0290-097-900x506.jpg 900w\" sizes=\"(max-width: 390px) 100vw, 390px\" \/><\/a><\/p>\n<p>&nbsp;<\/p>\n<p style=\"text-align: center;\"><strong>Wirbels\u00e4ulengymnastik<\/strong><\/p>\n<p><strong><a href=\"https:\/\/bsg-me.de\/wp-content\/uploads\/2012\/03\/WG14.jpg\"><img loading=\"lazy\" decoding=\"async\" class=\"aligncenter wp-image-216\" title=\"Digital StillCamera\" src=\"https:\/\/bsg-me.de\/wp-content\/uploads\/2012\/03\/WG14-150x150.jpg\" alt=\"\" width=\"237\" height=\"237\" \/><\/a><\/strong><\/p>\n<p style=\"text-align: center;\"><a title=\"Angebot Wirbels\u00e4ulengymnastik\" href=\"https:\/\/bsg-me.de\/?page_id=202\">Hier erfahren Sie mehr zur Sportart.<\/a><\/p>\n<h4><span style=\"font-size: 12pt; color: #000000;\">\u00dcbungsort:<\/span><\/h4>\n<h4><strong><span style=\"color: #000000; font-family: arial, helvetica, sans-serif;\">Seniorenpark Carpe Diem Seibelstr. 5, Mettmann, jeden Montag mit zwei Gruppen.<\/span><\/strong><\/h4>\n<h4><span style=\"color: #000000;\">\u00a0\u00a0\u00a0\u00a0\u00a0\u00a0\u00a0\u00a0<span style=\"font-family: arial, helvetica, sans-serif;\">\u00a0\u00a0\u00a0\u00a0\u00a0\u00a0\u00a0\u00a0\u00a0\u00a0\u00a0\u00a0\u00a0\u00a0\u00a0 Gruppe I von 10:00 &#8211; 10:45 Uhr,<\/span><\/span><\/h4>\n<h4><span style=\"color: #000000; font-family: arial, helvetica, sans-serif;\">\u00a0\u00a0\u00a0\u00a0\u00a0\u00a0\u00a0\u00a0\u00a0\u00a0\u00a0\u00a0\u00a0\u00a0\u00a0\u00a0\u00a0\u00a0\u00a0\u00a0\u00a0\u00a0\u00a0Gruppe II von 11:00 &#8211; 11:45 Uhr.<\/span><\/h4>\n<h4><span style=\"color: #000000;\">Alternativ\u00a0 trifft sich: <strong>jeden Dienstag eine weitere Gruppen im Johanneshaus D\u00fcsseldorfer Str. 154.<\/strong><\/span><\/h4>\n<p style=\"margin: 0cm 0cm 0pt;\"><span style=\"font-family: Arial; font-size: 10pt; color: #000000;\">\u00a0\u00a0\u00a0\u00a0\u00a0\u00a0\u00a0\u00a0\u00a0\u00a0\u00a0\u00a0\u00a0\u00a0\u00a0\u00a0\u00a0\u00a0\u00a0\u00a0\u00a0\u00a0\u00a0 Gruppe I\u00a0\u00a0\u00a0\u00a0\u00a0\u00a0\u00a0\u00a0\u00a0 09:00 Uhr \u2013 09:45 Uhr<\/span><\/p>\n<p style=\"margin: 0cm 0cm 0pt;\"><span style=\"font-family: Arial; font-size: 10pt; color: #000000;\">\u00a0\u00a0\u00a0\u00a0\u00a0\u00a0\u00a0\u00a0\u00a0\u00a0\u00a0\u00a0\u00a0\u00a0\u00a0\u00a0\u00a0\u00a0\u00a0\u00a0\u00a0\u00a0\u00a0 Gruppe II\u00a0\u00a0\u00a0\u00a0\u00a0\u00a0\u00a0 10:00 Uhr \u2013 10:45 Uhr<\/span><\/p>\n<p style=\"margin: 0cm 0cm 0pt;\"><span style=\"font-family: Arial; font-size: 10pt; color: #000000;\">\u00a0 \u00a0 \u00a0 \u00a0 \u00a0 \u00a0 \u00a0 \u00a0 \u00a0 \u00a0 \u00a0 \u00a0\u00a0<\/span><\/p>\n<h4><span style=\"color: #000000;\">\u00a0\u00a0\u00a0\u00a0\u00a0\u00a0\u00a0<span style=\"font-size: 10pt;\"> <span style=\"font-family: arial, helvetica, sans-serif;\">Fr.\u00a0 09:00 &#8211; 09:45 Uhr\u00a0 Kaplan-Flintrop Haus Lutterbecker Str. 30<\/span><\/span><\/span><\/h4>\n<h4><span style=\"font-size: 12pt; color: #000000;\">Diese Angebote werden unter Anleitung von Fach\u00fcbungsleiterrinnen durchgef\u00fchrt. \u00dcbungsleiterin: Eva Klang.<\/span><\/h4>\n<h4><span style=\"font-size: 12pt; color: #000000;\">Neben dem Mitgliedsbeitrag ist ein geringer Zuschlag zu zahlen.<\/span><\/h4>\n<p>&nbsp;<\/p>\n<p style=\"text-align: center;\"><span style=\"color: #000000;\"><strong>Wirbels\u00e4ulen schonende Gymnastik<\/strong><\/span><\/p>\n<p><strong><a href=\"https:\/\/bsg-me.de\/wp-content\/uploads\/2012\/03\/WG9.jpg\"><img loading=\"lazy\" decoding=\"async\" class=\"aligncenter\" title=\"Digital StillCamera\" src=\"https:\/\/bsg-me.de\/wp-content\/uploads\/2012\/03\/WG9-150x150.jpg\" alt=\"\" width=\"150\" height=\"150\" \/><\/a><\/strong><\/p>\n<h4 style=\"text-align: center;\"><\/h4>\n<h4><span style=\"font-family: arial, helvetica, sans-serif; font-size: 12pt;\">\u00dc<span style=\"color: #000000;\">bungsort: St. Elisabeth Haus D\u00fcsseldorfer Str. 20, Mettmann, <\/span><\/span><\/h4>\n<h4><span style=\"font-family: arial, helvetica, sans-serif; font-size: 12pt;\"><span style=\"color: #000000;\">jeden Freitag von 10:00 &#8211; 11:00 Uhr.<\/span><\/span><\/h4>\n<h4><span style=\"color: #000000; font-family: arial, helvetica, sans-serif; font-size: 12pt;\">Diese Angebote werden unter Anleitung von Fach\u00fcbungsleiterrinnen durchgef\u00fchrt. \u00dcbungsleiterin: Loni Bodmann.<\/span><\/h4>\n<h4><span style=\"color: #000000; font-family: arial, helvetica, sans-serif; font-size: 12pt;\">Neben dem Mitgliedsbeitrag ist ein geringer Zuschlag zu zahlen.<\/span><\/h4>\n<p>&nbsp;<\/p>\n<p style=\"text-align: center;\"><span style=\"color: #000000;\"><strong>Osteoporose Gruppe<\/strong><\/span><\/p>\n<p style=\"text-align: center;\"><span style=\"color: #000000;\"><strong>Bild folgt ! <\/strong><\/span><\/p>\n<h4 style=\"text-align: center;\"><span style=\"color: #000000;\"><a style=\"color: #000000;\" title=\"Wirbels\u00e4ulengymnastik\" href=\"https:\/\/bsg-me.de\/?page_id=202\">Hier erfahren Sie alles zur Sportart<\/a><\/span><\/h4>\n<p style=\"margin: 0cm 0cm 0pt;\"><span style=\"color: #000000;\"><span style=\"font-family: Arial; font-size: 10pt;\">\u00a0\u00a0\u00a0\u00a0\u00a0\u00a0\u00a0\u00a0\u00a0\u00a0\u00a0 <strong>Dienstag\u00a0 \u00a0 \u00a0 <\/strong>\u00a0<\/span><span style=\"font-family: arial, helvetica, sans-serif; font-size: 12pt;\">Musikschule Mehrzweckraum D\u00fcsseldorfer Str,.14a<\/span><\/span><\/p>\n<p style=\"margin: 0cm 0cm 0pt;\"><span style=\"font-family: Arial; font-size: 12pt; color: #000000;\">\u00a0\u00a0\u00a0\u00a0\u00a0\u00a0\u00a0\u00a0\u00a0\u00a0\u00a0<strong> <span style=\"font-family: arial, helvetica, sans-serif;\">Gruppe I\u00a0\u00a0\u00a0\u00a0\u00a0\u00a0\u00a0\u00a0\u00a0 18:00 Uhr \u2013 18:45 Uhr<\/span><\/strong><\/span><\/p>\n<p style=\"margin: 0cm 0cm 0pt;\"><span style=\"font-size: 12pt;\"><strong><span style=\"color: #000000;\"><span style=\"font-family: Arial;\">\u00a0\u00a0\u00a0\u00a0\u00a0\u00a0\u00a0\u00a0\u00a0 \u00a0 Gruppe II\u00a0\u00a0\u00a0\u00a0\u00a0\u00a0\u00a0\u00a0 19:00 Uhr \u2013 19:45 Uhr<\/span><\/span><\/strong><\/span><\/p>\n<p><span style=\"color: #000000;\"><span style=\"font-family: Arial; font-size: 10pt;\"><strong>\u00a0 \u00a0 \u00a0 \u00a0 \u00a0 \u00a0Freitag\u00a0 \u00a0&#8211;\u00a0 \u00a0<span style=\"font-size: 12pt;\">\u00a0<\/span><\/strong><\/span><span style=\"font-family: arial, helvetica, sans-serif; font-size: 12pt;\">Musikschule Mehrzweckraum D\u00fcsseldorfer Str,.14a<\/span><\/span><\/p>\n<p><strong><span style=\"font-size: 12pt; color: #000000; font-family: arial, helvetica, sans-serif;\">\u00a0\u00a0 \u00a0 \u00a0 \u00a0\u00a0 \u00a0Gruppe I\u00a0\u00a0\u00a0\u00a0\u00a0\u00a0\u00a0\u00a0\u00a0\u00a0 11:15 Uhr \u2013 12:00 Uhr<\/span><\/strong><\/p>\n<p>&nbsp;<\/p>\n<h4><span style=\"color: #000000; font-family: arial, helvetica, sans-serif;\">Diese Angebote werden unter Anleitung von Fach\u00fcbungsleiterrinnen durchgef\u00fchrt.<\/span><\/h4>\n<h4><span style=\"font-family: arial, helvetica, sans-serif;\">\u00dcbungsleiterin: Eva Klang<\/span><\/h4>\n<h4><span style=\"font-family: arial, helvetica, sans-serif;\">\u00a0<\/span><\/h4>\n<h4><span style=\"font-family: arial, helvetica, sans-serif;\">Neben dem Mitgliedsbeitrag ist ein geringer Zuschlag zu zahlen.<\/span><\/h4>\n","protected":false},"excerpt":{"rendered":"<p>Hallenboccia Hier erfahren Sie alles zur Sportart. \u00dcbungsort: Turnhalle Grundschule am Neandertal, Gruitener Str. 14, Mettmann, jeden Mittwoch von 18:00 &#8211; 20:00 Uhr, au\u00dfer w\u00e4hrend der Schulferien, da bleibt die Turnhalle geschlossen. Ansprechpartner: Sigrid Ehrhard, Tel. 02104 &#8211; 53977. Der &hellip; <a href=\"https:\/\/bsg-me.de\/?page_id=14\">Weiterlesen <span class=\"meta-nav\">&rarr;<\/span><\/a><\/p>\n","protected":false},"author":1,"featured_media":0,"parent":0,"menu_order":5,"comment_status":"closed","ping_status":"closed","template":"","meta":{"footnotes":""},"class_list":["post-14","page","type-page","status-publish","hentry"],"jetpack_sharing_enabled":true,"_links":{"self":[{"href":"https:\/\/bsg-me.de\/index.php?rest_route=\/wp\/v2\/pages\/14","targetHints":{"allow":["GET"]}}],"collection":[{"href":"https:\/\/bsg-me.de\/index.php?rest_route=\/wp\/v2\/pages"}],"about":[{"href":"https:\/\/bsg-me.de\/index.php?rest_route=\/wp\/v2\/types\/page"}],"author":[{"embeddable":true,"href":"https:\/\/bsg-me.de\/index.php?rest_route=\/wp\/v2\/users\/1"}],"replies":[{"embeddable":true,"href":"https:\/\/bsg-me.de\/index.php?rest_route=%2Fwp%2Fv2%2Fcomments&post=14"}],"version-history":[{"count":73,"href":"https:\/\/bsg-me.de\/index.php?rest_route=\/wp\/v2\/pages\/14\/revisions"}],"predecessor-version":[{"id":5062,"href":"https:\/\/bsg-me.de\/index.php?rest_route=\/wp\/v2\/pages\/14\/revisions\/5062"}],"wp:attachment":[{"href":"https:\/\/bsg-me.de\/index.php?rest_route=%2Fwp%2Fv2%2Fmedia&parent=14"}],"curies":[{"name":"wp","href":"https:\/\/api.w.org\/{rel}","templated":true}]}}