{"id":163,"date":"2012-03-24T10:45:11","date_gmt":"2012-03-24T10:45:11","guid":{"rendered":"http:\/\/bsg-me.de\/?page_id=163"},"modified":"2023-10-28T14:42:49","modified_gmt":"2023-10-28T14:42:49","slug":"bosseln","status":"publish","type":"page","link":"https:\/\/bsg-me.de\/?page_id=163","title":{"rendered":"Bosseln"},"content":{"rendered":"<div style=\"width: 640px;\" class=\"wp-video\"><video class=\"wp-video-shortcode\" id=\"video-163-1\" width=\"640\" height=\"360\" preload=\"metadata\" controls=\"controls\"><source type=\"video\/mp4\" src=\"https:\/\/bsg-me.de\/wp-content\/uploads\/2018\/04\/Hallenbosseln-S8.mp4?_=1\" \/><a href=\"https:\/\/bsg-me.de\/wp-content\/uploads\/2018\/04\/Hallenbosseln-S8.mp4\">https:\/\/bsg-me.de\/wp-content\/uploads\/2018\/04\/Hallenbosseln-S8.mp4<\/a><\/video><\/div>\n<p style=\"text-align: justify;\">Wir suchen zur <b><span style=\"color: #ff0000;\">Verst\u00e4rkung <\/span><\/b>unseres Bossel Teams, weitere Mitspieler(innen),die Spa\u00df daran haben, sich Aktiv in eine Sportgemeinschaft einzubringen.Kommen sie doch einfach zu einem <b>Probetraining. Immer<\/b> Donnerstag um 17:00-19:00 Uhr in der Sporthalle Gruitnerstra\u00dfe 14 (Grundschule) oder rufen sie an 02104\/2145046 \u2013 P.Pumm.<\/p>\n<p><span style=\"color: #000000;\"><strong>B O S S E L N<\/strong><strong>\u00a0&#8211; <\/strong><strong>Regel\u00e4nderung ab 1.1.2016<\/strong><\/span><\/p>\n<p><span style=\"color: #000000;\"><strong>Abs. 8.11<\/strong><strong>\u00a0<\/strong><\/span><\/p>\n<p><span style=\"color: #000000;\">Ver\u00e4ndert eine Bossel das Zielfeld, nachdem sie aus dem Zielfeld heraus gesto\u00dfen wurde- auch wenn sie von Absperrungen oder F\u00fc\u00dfen der Mannschaftsf\u00fchrer oder Schiedsrichter zur\u00fcckprallt wird der Durchgang abgebrochen und f\u00fcr die Mannschaft, die zuletzt geworfen hat, mit 0 : 3 Wurfpunkten bewertet.<\/span><\/p>\n<p><span style=\"color: #000000;\"><strong>Abs. 8.12<\/strong><\/span><\/p>\n<p><span style=\"color: #000000;\">Ver\u00e4ndert die Bossel dabei das Zielfeld, ist sie nur ung\u00fcltig und mu\u00df herausgenommen werden.<\/span><\/p>\n<p style=\"text-align: justify;\"><span style=\"color: #000000;\"><strong>\u00c4nderung\u00a0\u00a0 Bossel \u2013 Spielfeld<\/strong><\/span><\/p>\n<table style=\"height: 547px;\" width=\"1068\">\n<tbody>\n<tr>\n<td width=\"463\">\n<h4><span style=\"color: #000000;\">BSG Mettmann e.V. \u2013 Hans Stauff Br\u00fcckchen25\u00a0\u00a0\u00a0\u00a0\u00a0\u00a040822 Mettmann<\/span><\/h4>\n<p><span style=\"color: #000000;\">Tel.:\u00a0 02104\/25827\u00a0 E-Mail: info@bsg-me-de<\/span><\/p>\n<p><span style=\"color: #000000;\">oder\u00a0E-Mail: hans.stauff@gmx.de<\/span><\/p>\n<p><span style=\"color: #000000;\"><strong>BSG Benrath<\/strong><\/span><\/p>\n<p><span style=\"color: #000000;\"><strong>BSG Ratingen<\/strong><\/span><\/p>\n<p><span style=\"color: #000000;\"><strong>BSG Hilden<\/strong><\/span><\/p>\n<p><span style=\"color: #000000;\"><strong>BSG Langenfeld<\/strong><\/span><\/p>\n<p><span style=\"color: #000000;\"><strong>BSG Dormagen<\/strong><\/span><\/p>\n<p><span style=\"color: #000000;\"><strong>BSG Z\u00fclpich<\/strong><\/span><\/p>\n<p><span style=\"color: #000000;\"><strong>BSG Korschenbroich<\/strong><\/span><\/p>\n<p><span style=\"color: #000000;\"><strong>BS\u00a0\u00a0\u00a0 Velbert<\/strong><\/span><\/p>\n<p><span style=\"color: #000000;\"><strong>BSG Opladen<\/strong><\/span><\/td>\n<td width=\"151\"><span style=\"color: #000000;\"><strong>\u00a0<\/strong><\/span><\/td>\n<\/tr>\n<tr>\n<td width=\"463\"><span style=\"color: #000000;\"><strong>\u00a0<\/strong><\/span><\/td>\n<td width=\"151\"><span style=\"color: #000000;\"><strong>8.8.2014<\/strong><\/span><\/td>\n<\/tr>\n<\/tbody>\n<\/table>\n<p>&nbsp;<\/p>\n<p>&nbsp;<\/p>\n<p><span style=\"color: #000000;\"><strong>\u00c4nderung\u00a0\u00a0 Bossel \u2013 Spielfeld<\/strong><\/span><\/p>\n<p><span style=\"color: #000000;\">Liebe Sportkameraden,<\/span><\/p>\n<p><span style=\"color: #000000;\">bei einem Freundschaftsturnier wurden wir von der Einzeichnung eines ver\u00e4nderten Spielfeldes f\u00fcr Boosseln \u00fcberrascht.<\/span><\/p>\n<p><span style=\"color: #000000;\">R\u00fcckfragen ergaben, dass diese \u00c4nderung schon einige Zeit in Kraft getreten ist, nur eine Ver\u00f6ffentlichung ist wohl nicht erfolgt und soll in einer der n\u00e4chsten Zeitungen aktiv dabei vorgenommen werden.<\/span><\/p>\n<p><span style=\"color: #000000;\">Die Wurfbahn f\u00fcr Herren betr\u00e4gt unver\u00e4ndert\u00a0\u00a0\u00a0\u00a0\u00a0\u00a0\u00a0\u00a0\u00a0\u00a0\u00a0\u00a0\u00a0\u00a0\u00a0\u00a0 \u00a012 m<\/span><\/p>\n<p><span style=\"color: #000000;\">Die Wurfbahn f\u00fcr Danen ist unver\u00e4ndert \u00a0\u00a0\u00a0\u00a0\u00a0\u00a0\u00a0\u00a0\u00a0\u00a0\u00a0\u00a0\u00a0\u00a0\u00a0\u00a0\u00a0\u00a0\u00a0\u00a0\u00a0\u00a0\u00a0\u00a0\u00a0 10 m<\/span><\/p>\n<p><span style=\"color: #000000;\">Nach Pkt 3.6 a<\/span><\/p>\n<p><span style=\"color: #000000;\">\u00a0<\/span><\/p>\n<p><span style=\"color: #000000;\">Hier \u00c4nderung f\u00fcr Herren nach Regel 3,.6.c<\/span><\/p>\n<p><span style=\"color: #000000;\">M\u00e4nner ab dem 75. Lebensjahr oder HCP 3\u00a0\u00a0\u00a0\u00a0\u00a0\u00a0\u00a0\u00a0\u00a0\u00a0\u00a0\u00a0\u00a0\u00a0\u00a0\u00a0\u00a0\u00a0\u00a0\u00a0 \u00a010 m<\/span><\/p>\n<p><span style=\"color: #000000;\">\u00c4nderung Frauen ab dem 70. Lebensjahr<\/span><\/p>\n<p><span style=\"color: #000000;\">Oder HCP 3\u00a0\u00a0\u00a0 Pkt 3.6. b\u00a0\u00a0\u00a0\u00a0\u00a0\u00a0\u00a0\u00a0\u00a0\u00a0\u00a0\u00a0\u00a0\u00a0\u00a0\u00a0\u00a0\u00a0\u00a0\u00a0\u00a0\u00a0\u00a0\u00a0\u00a0\u00a0\u00a0\u00a0\u00a0\u00a0\u00a0\u00a0\u00a0\u00a0\u00a0\u00a0\u00a0\u00a0\u00a0\u00a0\u00a0\u00a0\u00a0\u00a0\u00a0\u00a0\u00a0\u00a0\u00a0\u00a0\u00a0\u00a0\u00a0\u00a0\u00a0 \u00a0 9 m<\/span><\/p>\n<p><span style=\"color: #000000;\">\u00a0<\/span><\/p>\n<p><span style=\"color: #000000;\">Nachzulesen\u00a0 auf der Seite des DBS Abteilung Nationale Spiele \u00a0\u00a0Bosseln\u00a0 Absatz \u00a03.6.<\/span><\/p>\n<p><span style=\"color: #000000;\">Es ist also nur eine zus\u00e4tzliche Markierung Abstand 9 m erforderlich<\/span><\/p>\n<p><span style=\"color: #000000;\">Im Zuge einer einheitlichen Regelung schlage ich die Umsetzung bei unseren Freundschaftsturnieren vor, erleichtert wird hierdurch doch die erforderliche Mannschaftsaufstellung erheblich, denn viele Aktive erreichen je nach Beschaffenheit des Hallenboden nicht das Zielfeld.<\/span><\/p>\n<p><span style=\"color: #000000;\">Wir werden auf jeden Fall ab sofort diese \u00c4nderung umsetzen.<\/span><\/p>\n<p><span style=\"color: #000000;\">\u00a0<\/span><\/p>\n<p><span style=\"color: #000000;\">Mit freundlichen Gr\u00fc\u00dfen<\/span><\/p>\n<p><span style=\"color: #000000;\">Hans Stauff<\/span><\/p>\n<p>&nbsp;<\/p>\n<p><span style=\"color: #000000;\"><strong>\u00e4hnlich Eisstockschiessen<\/strong><\/span><\/p>\n<p>&nbsp;<\/p>\n<p><a href=\"https:\/\/bsg-me.de\/wp-content\/uploads\/2012\/03\/Bosselmannschaft4.jpg\"><img fetchpriority=\"high\" decoding=\"async\" class=\"alignleft\" title=\"Bosselmannschaft\" src=\"https:\/\/bsg-me.de\/wp-content\/uploads\/2012\/03\/Bosselmannschaft4-300x225.jpg\" alt=\"\" width=\"279\" height=\"214\" \/><\/a><\/p>\n<p>&nbsp;<\/p>\n<p>&nbsp;<\/p>\n<p><strong><a href=\"https:\/\/bsg-me.de\/wp-content\/uploads\/2012\/03\/Sieger1.jpg\"><img decoding=\"async\" class=\"size-medium wp-image-336 alignnone\" title=\"So sehen Sieger aus\" src=\"https:\/\/bsg-me.de\/wp-content\/uploads\/2012\/03\/Sieger1-300x225.jpg\" alt=\"\" width=\"286\" height=\"214\" srcset=\"https:\/\/bsg-me.de\/wp-content\/uploads\/2012\/03\/Sieger1-300x225.jpg 300w, https:\/\/bsg-me.de\/wp-content\/uploads\/2012\/03\/Sieger1.jpg 480w\" sizes=\"(max-width: 286px) 100vw, 286px\" \/><\/a><\/strong><\/p>\n<p>&nbsp;<\/p>\n<p><strong>Spielgedanke<\/strong><\/p>\n<p>Auf einem Spielfeld, das eine Wurfbahn und ein Zielfeld umfasst, spielen 2 Mannschaften mit je 3 Spielern\/innen und einem\/r Mannschaftsf\u00fchrer\/in gegeneinander.<\/p>\n<p>Die Spieler\/innen beider Mannschaften versuchen, mit gezielten W\u00fcrfen ihre Bossel m\u00f6glichst nahe an die im Zielfeld liegende Daube heranzubringen. Dabei ist es erlaubt, mit dem eigenen Wurf gegnerische Bossel aus dem Zielfeld herauszusto\u00dfen oder die Daube innerhalb des Zielfeldes in eine f\u00fcr den Gegner ung\u00fcnstige und f\u00fcr die eigene Mannschaft g\u00fcnstige Stellung zu bringen.<\/p>\n<p>Alle Bosseln im Zielfeld erhalten Wurfpunkte. Gewonnen hat die Mannschaft, die in einem Durchgang\/Spiel die meisten Punkte erzielt hat.<\/p>\n<p><strong>Mannschaftszusammensetzung<\/strong><\/p>\n<p style=\"text-align: left;\">Die DBS-Turnierordnung schreibt die Mannschaftszusammensetzung und die Spielregeln f\u00fcr das Bosseln im Behindertensport vor. Auf die vorgeschriebene Zusammensetzung der verschiedenen Behinderungen in einer Mannschaft wollen wir an dieser Stelle jedoch nicht n\u00e4her eingehen, da dieses Erfordernis nur bei Punktspielen zum Tragen kommt. Zur Mannschaft geh\u00f6ren drei Spieler\/innen und 1 Mannschaftsf\u00fchrer\/in. Rollstuhlfahrer\/innen d\u00fcrfen eine Hilfe zum Anreichen der Bosseln o.\u00e4. in Anspruch nehmen. Mixed-Mannschaften sind erlaubt. Frauen und Rollstuhlfahrer\/innen bosseln auf einer um 2 m verk\u00fcrzten Bahn.<\/p>\n<p style=\"text-align: left;\"><a href=\"https:\/\/bsg-me.de\/wp-content\/uploads\/2012\/03\/Spielfeld_Hallen-Bosseln2.jpg\"><img decoding=\"async\" class=\"aligncenter size-medium wp-image-330\" title=\"Spielfeld_Hallen-Bosseln\" src=\"https:\/\/bsg-me.de\/wp-content\/uploads\/2012\/03\/Spielfeld_Hallen-Bosseln2-207x300.jpg\" alt=\"Das Hallenbossel-Spielfeld\" width=\"207\" height=\"300\" srcset=\"https:\/\/bsg-me.de\/wp-content\/uploads\/2012\/03\/Spielfeld_Hallen-Bosseln2-207x300.jpg 207w, https:\/\/bsg-me.de\/wp-content\/uploads\/2012\/03\/Spielfeld_Hallen-Bosseln2.jpg 295w\" sizes=\"(max-width: 207px) 100vw, 207px\" \/><\/a><\/p>\n<p style=\"text-align: left;\"><strong>Das Bosselspielfeld und das Spielger\u00e4t<\/strong><\/p>\n<p>Das Spielfeld ist 16 m lang und 2 m breit. Es umfasst die Wurfbahn und das Zielfeld. Der Hallenboden muss eben und m\u00f6glichst glatt sein. Die Wurfbahn, auf der die Bossel geschoben werden, ist grunds\u00e4tzlich 12 m lang und 2 m breit. Hieran schliesst sich das Zielfeld von 4 m L\u00e4nge und ebenfalls 2 m Breite an. Die Mitte des Zielfeldes ist mit einem Kreuz dauerhaft zu markieren.<br \/>\nAuf die Kreuzmitte wird die &#8222;Daube&#8220; (Holzw\u00fcrfel) so gesetzt, dass sie mit ihren Seitenfl\u00e4chen parallel zu den Begrenzungslinien des Zielfeldes liegt.<\/p>\n<p>Das Spielger\u00e4t besteht aus 6 zu einem Spiel geh\u00f6renden Bosseln, von denen jeweils 3 gleichfarbig sind, sich aber deutlich voneinander unterscheiden m\u00fcssen (z.B. 3 weiss\/3 gr\u00fcn). Die Bossel besteht aus einem abgeflachten, halbkugeligen, h\u00f6lzernen K\u00f6rper mit einem geschwungenen Handgriff. Die Bodenscheibe der Bossel besitzt einen gleichm\u00e4\u00dfigen B\u00fcrstenbesatz und der Bosselk\u00f6rper einen umschie\u00dfenden, sto\u00df-d\u00e4mpfenden Gummiring. Das Gesamtgewicht der Bossel betr\u00e4gt ca. 4650 g.<\/p>\n<p>Die Daube ist ein quadratischer roter Holzw\u00fcrfel, dessen Seiten eine L\u00e4nge von 10 cm haben (siehe Bild unten). Es darf kein Hartholz verwendet werden.<br \/>\nIm Spiel sind beide gezeigten Varianten m\u00f6glich. Wird die Daube aus dem Zielfeld gestossen, wird sie auf das Daubenkreuz zur\u00fcck gestellt. Dadurch kann die gegnerische Mannschaft einen Vorteil erlangen, wenn ihre Bossel n\u00e4her am Daubenkreuz steht.<\/p>\n<p><a href=\"..\/wp-content\/uploads\/2012\/03\/bossel_film1.gif\"><img loading=\"lazy\" decoding=\"async\" title=\"bossel_film1\" src=\"..\/wp-content\/uploads\/2012\/03\/bossel_film1.gif\" alt=\"\" width=\"105\" height=\"105\" \/><\/a> <a href=\"https:\/\/bsg-me.de\/wp-content\/uploads\/2012\/03\/bossel_film21.gif\"><img loading=\"lazy\" decoding=\"async\" class=\"size-full wp-image-332 alignright\" title=\"bossel_film2\" src=\"https:\/\/bsg-me.de\/wp-content\/uploads\/2012\/03\/bossel_film21.gif\" alt=\"\" width=\"200\" height=\"105\" \/><\/a><\/p>\n<p><strong>Der Spielablauf<\/strong><\/p>\n<p>Die Mannschaft, die &#8222;Weiss&#8220; gew\u00e4hlt hat, er\u00f6ffnet das Spiel. Jedes Spiel besteht aus 6 Durchg\u00e4ngen, jeder Durchgang hat 3 W\u00fcrfe f\u00fcr jede Mannschaft. Jeder\/jede Spieler\/in hat bei jedem Durchgang nur einen Wurf. Die Bossel sind m\u00f6glichst nahe an die Daube heranzubringen. Wird die Daube durch Aufprall einer Bossel aus dem Zielfeld geschoben, so wird sie auf die freie markierte Stelle in der Zielfeldmitte in die Anfangsstellung zur\u00fcckgelegt. Wird durch einen ung\u00fcltigen Wurf das Bild im Zielfeld ver\u00e4ndert, so erfolgt ein Abbruch des Durchgangs und die verursachende Mannschaft verliert diesen Durchgang mit 0:3 Punkten.<\/p>\n<p><strong>Die Wertung<\/strong><\/p>\n<p>Die Wertung erfolgt durch Vergabe von Wurf- und Spielpunkten. Nach jedem Durchgang erh\u00e4lt die Bossel im Zielfeld, die der Daube am n\u00e4chsten steht, 2 Wurfpunkte. Alle anderen Bosseln erhalten nur einen Punkt. Stehen 2 Bossel verschiedener Mannschaften als n\u00e4chste gleichweit von der Daube entfernt, wobei Unterschiede von weniger als 5 mm als gleich gelten, so erhalten diese Bosseln je einen Punkt. In diesem Durchgang erh\u00e4lt keine Bossel 2 Wurfpunkte. Nach Spielende werden die Wurfpunkte der 6 Durchg\u00e4nge zusammengez\u00e4hlt. Sieger ist die Mannschaft mit der h\u00f6chsten Wurfpunktzahl. Sie erh\u00e4lt 2 Plusspielpunkte. Bei gleicher Wurfpunktzahl erhalten beide Mannschaften je einen Spielpunkt.<\/p>\n<p><a title=\"Impressionen\" href=\"https:\/\/bsg-me.de\/?page_id=41\">Von hier aus geht es mit einem Klick zur Bildergalerie<\/a><\/p>\n<p>&nbsp;<\/p>\n<p>&nbsp;<\/p>\n","protected":false},"excerpt":{"rendered":"<p>Wir suchen zur Verst\u00e4rkung unseres Bossel Teams, weitere Mitspieler(innen),die Spa\u00df daran haben, sich Aktiv in eine Sportgemeinschaft einzubringen.Kommen sie doch einfach zu einem Probetraining. Immer Donnerstag um 17:00-19:00 Uhr in der Sporthalle Gruitnerstra\u00dfe 14 (Grundschule) oder rufen sie an 02104\/2145046 &hellip; <a href=\"https:\/\/bsg-me.de\/?page_id=163\">Weiterlesen <span class=\"meta-nav\">&rarr;<\/span><\/a><\/p>\n","protected":false},"author":1,"featured_media":0,"parent":14,"menu_order":5,"comment_status":"closed","ping_status":"closed","template":"","meta":{"footnotes":""},"class_list":["post-163","page","type-page","status-publish","hentry"],"jetpack_sharing_enabled":true,"_links":{"self":[{"href":"https:\/\/bsg-me.de\/index.php?rest_route=\/wp\/v2\/pages\/163","targetHints":{"allow":["GET"]}}],"collection":[{"href":"https:\/\/bsg-me.de\/index.php?rest_route=\/wp\/v2\/pages"}],"about":[{"href":"https:\/\/bsg-me.de\/index.php?rest_route=\/wp\/v2\/types\/page"}],"author":[{"embeddable":true,"href":"https:\/\/bsg-me.de\/index.php?rest_route=\/wp\/v2\/users\/1"}],"replies":[{"embeddable":true,"href":"https:\/\/bsg-me.de\/index.php?rest_route=%2Fwp%2Fv2%2Fcomments&post=163"}],"version-history":[{"count":38,"href":"https:\/\/bsg-me.de\/index.php?rest_route=\/wp\/v2\/pages\/163\/revisions"}],"predecessor-version":[{"id":3399,"href":"https:\/\/bsg-me.de\/index.php?rest_route=\/wp\/v2\/pages\/163\/revisions\/3399"}],"up":[{"embeddable":true,"href":"https:\/\/bsg-me.de\/index.php?rest_route=\/wp\/v2\/pages\/14"}],"wp:attachment":[{"href":"https:\/\/bsg-me.de\/index.php?rest_route=%2Fwp%2Fv2%2Fmedia&parent=163"}],"curies":[{"name":"wp","href":"https:\/\/api.w.org\/{rel}","templated":true}]}}