{"id":188,"date":"2012-03-24T10:53:50","date_gmt":"2012-03-24T10:53:50","guid":{"rendered":"http:\/\/bsg-me.de\/?page_id=188"},"modified":"2023-10-28T14:25:01","modified_gmt":"2023-10-28T14:25:01","slug":"boccia","status":"publish","type":"page","link":"https:\/\/bsg-me.de\/?page_id=188","title":{"rendered":"Boccia"},"content":{"rendered":"<h3><\/h3>\n<h3><span style=\"color: #000080;\">BSG Mettmann f\u00fcr Deutsche Meisterschaft<span style=\"color: #000080;\">\u00a0&#8222;2016&#8220;<\/span> qualifiziert.\u00a0\u00a0\u00a0\u00a0\u00a0\u00a0<\/span><\/h3>\n<p><a href=\"https:\/\/bsg-me.de\/wp-content\/uploads\/2012\/03\/\u00dcrkunde-1.jpg\" rel=\"attachment wp-att-1681\"><img fetchpriority=\"high\" decoding=\"async\" class=\"aligncenter wp-image-1681 \" src=\"https:\/\/bsg-me.de\/wp-content\/uploads\/2012\/03\/\u00dcrkunde-1.jpg\" alt=\"\u00dcrkunde 1\" width=\"359\" height=\"512\" srcset=\"https:\/\/bsg-me.de\/wp-content\/uploads\/2012\/03\/\u00dcrkunde-1.jpg 482w, https:\/\/bsg-me.de\/wp-content\/uploads\/2012\/03\/\u00dcrkunde-1-210x300.jpg 210w\" sizes=\"(max-width: 359px) 100vw, 359px\" \/><\/a><\/p>\n<p><span style=\"color: #000000;\"><strong>Boccia<\/strong><strong>\u00a0<\/strong><\/span><\/p>\n<p><span style=\"color: #000000;\"><strong>Regel\u00e4nderung ab 1.1.2016<\/strong><strong>\u00a0<\/strong><\/span><\/p>\n<p><span style=\"color: #000000;\"><strong>Absatz 10.7<\/strong><strong>\u00a0<\/strong><\/span><\/p>\n<p><span style=\"color: #000000;\">Kein farbiger Ball darf geworfen werden, bevor der Schiedsrichter den Wurf freigegeben hat. Ver\u00e4ndert ein nicht freigegebener Wurf das Spiel, wird die Mannschaft durch Wegnahme eines Balles bestraft. Ist dieses nicht mehr m\u00f6glich, erh\u00e4lt die Gegenmannschaft einen zus\u00e4tzlichen Ball, ansonsten wird der Ball entfernt.<\/span><\/p>\n<p><span style=\"color: #000000;\"><strong>Absatz 10.7 1b<\/strong><\/span><\/p>\n<p><span style=\"color: #000000;\">Wird durch den ung\u00fcltig geworfenen Ball das Zielfeld ver\u00e4ndert, wird die Mannschaft durch Wegnahme eines Balles bestraft. Ist dies nicht mehr m\u00f6glich, erh\u00e4lt die Gegenmannschaft einen zus\u00e4tzlichen Ball, ansonsten wird der Ball entfernt.<\/span><\/p>\n<h2><span style=\"color: #000000;\"><strong>Bronzemedaille f\u00fcr die BSG Mettmann<\/strong><\/span><\/h2>\n<p><a href=\"https:\/\/bsg-me.de\/wp-content\/uploads\/2012\/03\/DM-Hallenboccia-2015-1-Kopie.jpg\"><img decoding=\"async\" class=\"aligncenter size-full wp-image-1542\" src=\"https:\/\/bsg-me.de\/wp-content\/uploads\/2012\/03\/DM-Hallenboccia-2015-1-Kopie.jpg\" alt=\"DM Hallenboccia 2015 - 1 - Kopie\" width=\"1652\" height=\"1309\" srcset=\"https:\/\/bsg-me.de\/wp-content\/uploads\/2012\/03\/DM-Hallenboccia-2015-1-Kopie.jpg 1652w, https:\/\/bsg-me.de\/wp-content\/uploads\/2012\/03\/DM-Hallenboccia-2015-1-Kopie-300x238.jpg 300w, https:\/\/bsg-me.de\/wp-content\/uploads\/2012\/03\/DM-Hallenboccia-2015-1-Kopie-1024x811.jpg 1024w, https:\/\/bsg-me.de\/wp-content\/uploads\/2012\/03\/DM-Hallenboccia-2015-1-Kopie-900x713.jpg 900w\" sizes=\"(max-width: 1652px) 100vw, 1652px\" \/><\/a><\/p>\n<p><a href=\"https:\/\/bsg-me.de\/wp-content\/uploads\/2012\/03\/DM-Hallenboccia-2015-2-Kopie-2.jpg\"><img decoding=\"async\" class=\"aligncenter size-full wp-image-1536\" src=\"https:\/\/bsg-me.de\/wp-content\/uploads\/2012\/03\/DM-Hallenboccia-2015-2-Kopie-2.jpg\" alt=\"DM Hallenboccia 2015 - 2 - Kopie (2)\" width=\"1556\" height=\"1167\" srcset=\"https:\/\/bsg-me.de\/wp-content\/uploads\/2012\/03\/DM-Hallenboccia-2015-2-Kopie-2.jpg 1556w, https:\/\/bsg-me.de\/wp-content\/uploads\/2012\/03\/DM-Hallenboccia-2015-2-Kopie-2-300x225.jpg 300w, https:\/\/bsg-me.de\/wp-content\/uploads\/2012\/03\/DM-Hallenboccia-2015-2-Kopie-2-1024x768.jpg 1024w, https:\/\/bsg-me.de\/wp-content\/uploads\/2012\/03\/DM-Hallenboccia-2015-2-Kopie-2-900x675.jpg 900w\" sizes=\"(max-width: 1556px) 100vw, 1556px\" \/><\/a><\/p>\n<p><span style=\"color: #000000;\"><strong>Boccia Team erreicht Platz 3 bei den 11. Deutschen Meisterschaften im Hallen- Boccia<\/strong><\/span><\/p>\n<p>F\u00fcr die 11. Deutschen Meisterschaften, die am 11\/12. September in Arnstadt\/Th\u00fcringen ausgetragen wurden hatte sich die Boccia Mannschaft der BSG Mettmann f\u00fcr den Landesverband NRW qualifiziert.<\/p>\n<p>Am Start waren 16 Mannschaften aus 9 Bundesl\u00e4ndern und gleich zu Beginn begannen die Mettmanner mit einem Paukenschlag und f\u00fcgten dem sp\u00e4teren Sieger und jetzigen 4fachen Deutschen Meister aus Gelsenkirchen mit 12 : 6 die einzige Niederlage bei.<\/p>\n<p>Auch der weitere Favorit BRS Gersweiler 1\/ Saarland , der sich inzwischen mit einem Auswahlspieler verst\u00e4rken konnte hatte gegen die gut aufgelegten Mettmanner keine Chance und wurde mit 15 : 6 besiegt. Auch gegen Rostock\/ Meckl. Vorpommern stand ein 10 : 0 zu Buche und so ging die Mannschaft an der Spitze liegend in den 2. Wettkampftag.<\/p>\n<p>Die fr\u00fche Anfangzeit 7.45 Uhr ist leider allen Spielern nicht so gut bekommen, nach Niederlagen gegen den AC Weinheim\/Baden und SC Nordwalde\/NRW fand man zu alter St\u00e4rke wieder und besiegte VSG Stadthagen\/Niedersachsen, BSV Pirmasens\/Rheinl.Pfalz, Gersweiler 2\/Saarland, BSV Frankenthal\/Rheinl. Pfalz BSSV Arnstadt + SG Einheit Arnstadt\/Th\u00fcringen , Rhinos Wisbaden\/ Hessen sowie Angstgegner BSG Hemsbach\/Baden und verlor nur noch gegen die BVSG Regensburg\/Bayern und RBA Neumarkt\/Bayern.<\/p>\n<p>Die Endtabelle<\/p>\n<ol>\n<li>VSG Gelsenkirchen\u00a0\u00a0\u00a0\u00a0 4facher Deutscher Meister<\/li>\n<li>BRS Gersweiler 1<\/li>\n<li>BSG Mettmann<\/li>\n<\/ol>\n<p>Ein toller Erfolg, da die Mettmanner neben dem AC Weinheim mit den h\u00f6chsten Handicaps diesen Platz erreichten.<\/p>\n<p>Die Siegerehrung und \u00dcberreichung der Bronzeplaketten nahm der DBS Beauftrage Teddy<\/p>\n<p>\u00d6streicher vor.<\/p>\n<p><a href=\"https:\/\/bsg-me.de\/wp-content\/uploads\/2012\/03\/Urkunde-DM-2015-Kopie.jpg\"><img loading=\"lazy\" decoding=\"async\" class=\"aligncenter wp-image-1529\" src=\"https:\/\/bsg-me.de\/wp-content\/uploads\/2012\/03\/Urkunde-DM-2015-Kopie.jpg\" alt=\"Urkunde DM 2015 - Kopie\" width=\"469\" height=\"669\" srcset=\"https:\/\/bsg-me.de\/wp-content\/uploads\/2012\/03\/Urkunde-DM-2015-Kopie.jpg 803w, https:\/\/bsg-me.de\/wp-content\/uploads\/2012\/03\/Urkunde-DM-2015-Kopie-210x300.jpg 210w, https:\/\/bsg-me.de\/wp-content\/uploads\/2012\/03\/Urkunde-DM-2015-Kopie-718x1024.jpg 718w\" sizes=\"(max-width: 469px) 100vw, 469px\" \/><\/a><\/p>\n<p><span style=\"color: #000000;\"><strong>Bocciateam \u201etop-fit\u201c<\/strong><\/span><\/p>\n<p>Unmittelbar nach Beendigung der Sommerferien hatten die Mettmanner Bocciaspieler zu einem\u00a0Freundschaftsturnier mit namhaften Teilnehmern eingeladen. Das Turnier sollte auch Aufschluss\u00a0\u00fcber die Form zur 6. Teilnahme an den Deutschen\u00a0Meisterschaften in Arnstadt\/Th\u00fcringen bringen,\u00a0nachdem die 1. Mannschaft auch in den Sommerferien 4 x w\u00f6chentlich im Training war. Die Mettmanner schlugen sich gut und konnten alle Gegner auf Distanz halten und gaben lediglich gegen\u00a0den Deutschen Meister aus Gelsenkirchen nach\u00a0einer 4 :1 und 4: 3 F\u00fchrung mit dem letzten Wurf\u00a0f\u00fcr Gelsenkirchen zum 4:4 noch den Sieg aus der\u00a0Hand. Mit einem Verlustpunkt verlie\u00df Mettmann\u00a0das Parkett, gefolgt von Gelsenkirchen.<\/p>\n<h2><span style=\"color: #000000;\">Bocciafreundschaftsturnier am 15.08. 2015 in Mettmann<\/span><\/h2>\n<p><a href=\"https:\/\/bsg-me.de\/wp-content\/uploads\/2012\/03\/Bocciafreundschaftsturnier-2015.jpg\"><img loading=\"lazy\" decoding=\"async\" class=\"wp-image-1512 aligncenter\" src=\"https:\/\/bsg-me.de\/wp-content\/uploads\/2012\/03\/Bocciafreundschaftsturnier-2015.jpg\" alt=\"Bocciafreundschaftsturnier 2015\" width=\"408\" height=\"582\" srcset=\"https:\/\/bsg-me.de\/wp-content\/uploads\/2012\/03\/Bocciafreundschaftsturnier-2015.jpg 944w, https:\/\/bsg-me.de\/wp-content\/uploads\/2012\/03\/Bocciafreundschaftsturnier-2015-210x300.jpg 210w, https:\/\/bsg-me.de\/wp-content\/uploads\/2012\/03\/Bocciafreundschaftsturnier-2015-718x1024.jpg 718w, https:\/\/bsg-me.de\/wp-content\/uploads\/2012\/03\/Bocciafreundschaftsturnier-2015-900x1283.jpg 900w\" sizes=\"(max-width: 408px) 100vw, 408px\" \/><\/a><\/p>\n<div class=\"news-single-headline\">\n<h2 class=\"subtitle\"><span style=\"color: #000000;\">BSG Mettmann f\u00fcr Deutsche Meisterschaft qualifiziert<\/span><\/h2>\n<h2><span style=\"color: #000000;\">Vizemeister NRW<\/span><\/h2>\n<p class=\"subheader\">In der NRW-Endrunde mussten sich die Mettmanner nur dem dreifachen Deutschen Meister aus Gelsenkirchen geschlagen geben.<\/p>\n<p class=\"subheader\">\u00a0<a href=\"https:\/\/bsg-me.de\/wp-content\/uploads\/2012\/03\/SL272855-Kopie-2.jpg\"><img loading=\"lazy\" decoding=\"async\" class=\"aligncenter wp-image-1361\" src=\"https:\/\/bsg-me.de\/wp-content\/uploads\/2012\/03\/SL272855-Kopie-2.jpg\" alt=\"SL272855 - Kopie (2)\" width=\"427\" height=\"478\" srcset=\"https:\/\/bsg-me.de\/wp-content\/uploads\/2012\/03\/SL272855-Kopie-2.jpg 868w, https:\/\/bsg-me.de\/wp-content\/uploads\/2012\/03\/SL272855-Kopie-2-268x300.jpg 268w\" sizes=\"(max-width: 427px) 100vw, 427px\" \/><\/a><\/p>\n<\/div>\n<div class=\"list-image left\">\n<div class=\"news-single-img\">\n<h3 class=\"news-single-imgcaption\">Das Team aus Mettmann feierte zum vierten Mal die NRW-Vizemeisterschaft.<\/h3>\n<\/div>\n<div class=\"list-image-copy\"><\/div>\n<\/div>\n<div class=\"single-city-wrap\"><strong class=\"uppercase\">Mettmann<\/strong>\u00a0&#8211;<\/div>\n<p><span style=\"color: #000000;\">Am vergangenen Samstag wurde in Mettmann die Endrunde der NRW-Meisterschaft im Hallen-Boccia der Behinderten-Sportler ausgetragen. Am Start waren insgesamt zw\u00f6lf Mannschaften, von denen sieben gleichauf an der Tabellenspitze standen. Bis zum letzten Spiel rangierte das Team der Behinderten-Sport-Gemeinschaft Mettmann ungeschlagen an der Spitze, musste aber in der Paarung gegen den dreifachen Deutschen Meister aus Gelsenkirchen beide Punkte abgeben. Mit einem Punktestand von 18:4 feierten die Mettmanner damit zum vierten Mal die Vizemeisterschaft in NRW und qualifizierten sich damit f\u00fcr die Deutsche Meisterschaft, die in diesem Jahr im th\u00fcringischen Arnstadt ausgetragen wird. Nach dem Erfolg im vergangenen Jahr, als man im bundesweiten Vergleich Platz 5 belegte und damit einen zus\u00e4tzlichen Startplatz f\u00fcr Nordrhein-Westfalen sicherte, wird das Team der BSG Mettmann entsprechend motiviert antreten, um das hervorragende Ergebnis zu best\u00e4tigen oder sogar verbessern zu k\u00f6nnen. Besonders gefreut hat man sich als Veranstalter der Endrunde \u00fcber den Besuch zahlreicher Zuschauer, darunter die Bundestagsabgeordnete Michaela Noll und Michael Ruppert, stellvertretender Landrat des Kreises Mettmann.<\/span><\/p>\n<p style=\"text-align: center;\"><a href=\"https:\/\/bsg-me.de\/wp-content\/uploads\/2012\/03\/CCI04032015_00002-Kopie.jpg\"><img loading=\"lazy\" decoding=\"async\" class=\"aligncenter wp-image-1357\" src=\"https:\/\/bsg-me.de\/wp-content\/uploads\/2012\/03\/CCI04032015_00002-Kopie.jpg\" alt=\"CCI04032015_00002 - Kopie\" width=\"359\" height=\"512\" srcset=\"https:\/\/bsg-me.de\/wp-content\/uploads\/2012\/03\/CCI04032015_00002-Kopie.jpg 591w, https:\/\/bsg-me.de\/wp-content\/uploads\/2012\/03\/CCI04032015_00002-Kopie-210x300.jpg 210w\" sizes=\"(max-width: 359px) 100vw, 359px\" \/><\/a><\/p>\n<p style=\"text-align: center;\">************************************************************************************************<\/p>\n<p style=\"text-align: center;\"><span style=\"color: #000000; line-height: 107%; font-family: 'Times New Roman', serif; font-size: 16pt;\">Herzlichen Gl\u00fcckwunsch!<\/span><\/p>\n<p><span style=\"color: #000000;\"><span style=\"font-family: Calibri;\">Die Mannschaft BSG Mettmann erreichte den 5. Platz <\/span><span style=\"font-family: Calibri;\">bei der 10. Deutschen Meisterschaft\u00a0\u00a0\u00a0\u00a0\u00a0\u00a0\u00a0\u00a0\u00a0\u00a0 <\/span><span style=\"font-family: Calibri;\">im Boccia (Halle) 2014 In Gersweiler, LV Saarland.<\/span> \u00a0<\/span> <a href=\"https:\/\/bsg-me.de\/wp-content\/uploads\/2012\/03\/SL2715662.jpg\"><img loading=\"lazy\" decoding=\"async\" class=\"aligncenter wp-image-1270\" src=\"https:\/\/bsg-me.de\/wp-content\/uploads\/2012\/03\/SL2715662.jpg\" alt=\"SL271566\" width=\"636\" height=\"550\" srcset=\"https:\/\/bsg-me.de\/wp-content\/uploads\/2012\/03\/SL2715662.jpg 899w, https:\/\/bsg-me.de\/wp-content\/uploads\/2012\/03\/SL2715662-300x259.jpg 300w\" sizes=\"(max-width: 636px) 100vw, 636px\" \/><\/a><\/p>\n<h3><\/h3>\n<h3><\/h3>\n<p><a href=\"https:\/\/bsg-me.de\/wp-content\/uploads\/2012\/03\/SL2715761.jpg\"><img loading=\"lazy\" decoding=\"async\" class=\"aligncenter wp-image-1273\" src=\"https:\/\/bsg-me.de\/wp-content\/uploads\/2012\/03\/SL2715761.jpg\" alt=\"SL271576\" width=\"595\" height=\"447\" srcset=\"https:\/\/bsg-me.de\/wp-content\/uploads\/2012\/03\/SL2715761.jpg 1296w, https:\/\/bsg-me.de\/wp-content\/uploads\/2012\/03\/SL2715761-300x225.jpg 300w, https:\/\/bsg-me.de\/wp-content\/uploads\/2012\/03\/SL2715761-1024x768.jpg 1024w, https:\/\/bsg-me.de\/wp-content\/uploads\/2012\/03\/SL2715761-900x675.jpg 900w\" sizes=\"(max-width: 595px) 100vw, 595px\" \/><\/a><\/p>\n<h3><a href=\"https:\/\/bsg-me.de\/wp-content\/uploads\/2012\/03\/Boccia-DM-2014.bmp\"><img loading=\"lazy\" decoding=\"async\" class=\"aligncenter wp-image-1271\" src=\"https:\/\/bsg-me.de\/wp-content\/uploads\/2012\/03\/Boccia-DM-2014.bmp\" alt=\"Boccia DM 2014\" width=\"466\" height=\"665\" \/><\/a><\/h3>\n<h3><\/h3>\n<h3 style=\"text-align: center;\"><span style=\"color: #000000; font-family: Calibri;\"><span style=\"line-height: 107%; font-family: 'Times New Roman', serif; font-size: 16pt;\">Herzlichen Gl\u00fcckwunsch!<\/span><\/span><\/h3>\n<p><span style=\"color: #000000;\"><span style=\"font-family: Calibri;\">Die Mannschaft BSG Mettmann erreichte den 7. Platz <\/span><span style=\"font-family: Calibri;\">bei der 9. Deutschen Meisterschaft im Boccia (Halle) 2013 In Weinheim, LV Baden.<\/span> \u00a0<\/span> <a href=\"https:\/\/bsg-me.de\/wp-content\/uploads\/2012\/03\/Deutschen-Meisterschaft-im-Boccia-Halle-2013-In-Weinheim.bmp\"><img loading=\"lazy\" decoding=\"async\" class=\"aligncenter size-full wp-image-1262\" src=\"https:\/\/bsg-me.de\/wp-content\/uploads\/2012\/03\/Deutschen-Meisterschaft-im-Boccia-Halle-2013-In-Weinheim.bmp\" alt=\"Deutschen Meisterschaft im Boccia (Halle) 2013 In Weinheim\" width=\"828\" height=\"826\" \/><\/a> <span style=\"color: #000000; font-family: Calibri;\">\u00a0<\/span> \u00a0 \u00a0 <a href=\"https:\/\/bsg-me.de\/wp-content\/uploads\/2012\/03\/DM-2013.jpg\"><img loading=\"lazy\" decoding=\"async\" class=\"aligncenter wp-image-1263\" src=\"https:\/\/bsg-me.de\/wp-content\/uploads\/2012\/03\/DM-2013.jpg\" alt=\"DM 2013\" width=\"546\" height=\"409\" srcset=\"https:\/\/bsg-me.de\/wp-content\/uploads\/2012\/03\/DM-2013.jpg 1296w, https:\/\/bsg-me.de\/wp-content\/uploads\/2012\/03\/DM-2013-300x225.jpg 300w, https:\/\/bsg-me.de\/wp-content\/uploads\/2012\/03\/DM-2013-1024x768.jpg 1024w, https:\/\/bsg-me.de\/wp-content\/uploads\/2012\/03\/DM-2013-900x675.jpg 900w\" sizes=\"(max-width: 546px) 100vw, 546px\" \/><\/a> \u00a0 \u00a0 <strong><a href=\"https:\/\/bsg-me.de\/wp-content\/uploads\/2012\/03\/LPKamen18062011_-881.jpg\"><img loading=\"lazy\" decoding=\"async\" class=\" wp-image-293 aligncenter\" title=\"Bocciaturnier in Kamen18062011\" src=\"https:\/\/bsg-me.de\/wp-content\/uploads\/2012\/03\/LPKamen18062011_-881-300x225.jpg\" alt=\"\" width=\"443\" height=\"332\" srcset=\"https:\/\/bsg-me.de\/wp-content\/uploads\/2012\/03\/LPKamen18062011_-881-300x225.jpg 300w, https:\/\/bsg-me.de\/wp-content\/uploads\/2012\/03\/LPKamen18062011_-881.jpg 912w\" sizes=\"(max-width: 443px) 100vw, 443px\" \/><\/a><\/strong> \u00a0 <strong><a href=\"https:\/\/bsg-me.de\/wp-content\/uploads\/2012\/03\/LPKamen18062011_-1071.jpg\"><img loading=\"lazy\" decoding=\"async\" class=\"alignnone wp-image-294\" title=\"Bocciaturnier in Kamen18062011.1\" src=\"https:\/\/bsg-me.de\/wp-content\/uploads\/2012\/03\/LPKamen18062011_-1071-300x225.jpg\" alt=\"\" width=\"299\" height=\"225\" srcset=\"https:\/\/bsg-me.de\/wp-content\/uploads\/2012\/03\/LPKamen18062011_-1071-300x225.jpg 300w, https:\/\/bsg-me.de\/wp-content\/uploads\/2012\/03\/LPKamen18062011_-1071.jpg 912w\" sizes=\"(max-width: 299px) 100vw, 299px\" \/><\/a><a href=\"https:\/\/bsg-me.de\/wp-content\/uploads\/2012\/03\/LPKamen18062011_-1151.jpg\"><img loading=\"lazy\" decoding=\"async\" class=\" wp-image-297 alignright\" title=\"Bocciaturnier in Kamen 18062011.2 \" src=\"https:\/\/bsg-me.de\/wp-content\/uploads\/2012\/03\/LPKamen18062011_-1151-300x225.jpg\" alt=\"\" width=\"306\" height=\"229\" srcset=\"https:\/\/bsg-me.de\/wp-content\/uploads\/2012\/03\/LPKamen18062011_-1151-300x225.jpg 300w, https:\/\/bsg-me.de\/wp-content\/uploads\/2012\/03\/LPKamen18062011_-1151.jpg 912w\" sizes=\"(max-width: 306px) 100vw, 306px\" \/><\/a><\/strong> \u00a0 \u00a0 Hallen-Boccia gibt es erst seit wenigen Jahren und wird als Breiten- und Leistungssport nicht nur in Deutschland, sondern International gespielt. Der Deutsche Behindertensportverband veranstaltet in jedem Jahr eine Deutsche Meisterschaft. <strong>Was ist f\u00fcr ein Boccia-Spiel erforderlich?<\/strong> 13 Lederb\u00e4lle (6 rote, 6 blaue und 1 wei\u00dfer Zielball). Die B\u00e4lle haben ein Gewicht von +\/- 275 Gramm, bei einem Durchmesser von 80 mm. Manchmal mu\u00df auch nachgemessen werden.<\/p>\n<p style=\"text-align: center;\"><a href=\"https:\/\/bsg-me.de\/wp-content\/uploads\/2012\/03\/Hallenboccia-Spielfeldplan2.jpg\"><img loading=\"lazy\" decoding=\"async\" class=\"size-full wp-image-291 aligncenter\" title=\"Hallenboccia Spielfeldplan\" src=\"https:\/\/bsg-me.de\/wp-content\/uploads\/2012\/03\/Hallenboccia-Spielfeldplan2.jpg\" alt=\"\" width=\"613\" height=\"386\" srcset=\"https:\/\/bsg-me.de\/wp-content\/uploads\/2012\/03\/Hallenboccia-Spielfeldplan2.jpg 613w, https:\/\/bsg-me.de\/wp-content\/uploads\/2012\/03\/Hallenboccia-Spielfeldplan2-300x188.jpg 300w\" sizes=\"(max-width: 613px) 100vw, 613px\" \/><\/a><\/p>\n<p><strong>Warum ist Hallen-Boccia so beliebt geworden? <\/strong> Boccia hei\u00dft Zusammensein, Bewegung und Wettkampf mit viel Spa\u00df Boccia eignet sich f\u00fcr Personen aller Altersgruppen Boccia st\u00e4rkt das Koordinationsverm\u00f6gen und den Gleichgewichtssinn Boccia kann auf einer Fl\u00e4che von wenigen qm gespielt werden. <strong>Grundregeln:<\/strong> 1. Die Spielfl\u00e4che misst 6 x 10 m, eine kleinere Fl\u00e4che reicht aber auch aus. 2. Es spielen zwei Mannschaften gegeneinander. Eine Mannschaft besteht aus 1, 2, oder 3 Spielern. Im Behindertensport gibt es nur das Mannschaftsspiel mit 3 Spielern. 3. Die Mannschaft, die das Spiel beginnt spielt mit den roten, die gegnerische Mannschaft mit den blauen B\u00e4llen. 4. Anfang des Spiels: der wei\u00dfe \u201eJackball\u201c wird von Mannschaft 1 ins Spielfeld geworfen. 5. Jetzt wirft Mannschaft 1 einen roten Ball und versucht, diesen m\u00f6glichst nahe an den Zielball zu bringen. 6. Danach wirft Mannschaft 2 einen, oder mehrere blaue B\u00e4lle mit dem Zweck, n\u00e4her an den Zielball zu gelangen als der rote Ball. Tritt dieser Fall ein, dann ist Mannschaft 1 wieder an der Reihe. 7. Das Spiel wird auf diese Weise fortgesetzt, bis alle B\u00e4lle geworfen sind. 8. Abschlie\u00dfend werden Punkte gez\u00e4hlt: die Mannschaft, deren Ball mit dem Zielball am n\u00e4chsten liegt, hat gewonnen und erh\u00e4lt die Punkte. Bei jedem Ball, der besser platziert ist als der beste Ball des Gegners, erreicht man einen Punkt. Pro Spiel k\u00f6nnen demzufolge maximal 6 Punkte vergeben werden. 9. Beim n\u00e4chsten Spiel f\u00e4ngt die zweite Mannschaft damit an, den Zielball ins Spielfeld zu werfen. 10. Ein Match besteht aus insgesamt 6 Spielen. <a title=\"Boccia\" href=\"https:\/\/bsg-me.de\/?page_id=449\">Mit einem Klick geht es von hier zu Eindr\u00fccken, Presseartikel etc.<\/a><\/p>\n","protected":false},"excerpt":{"rendered":"<p>BSG Mettmann f\u00fcr Deutsche Meisterschaft\u00a0&#8222;2016&#8220; qualifiziert.\u00a0\u00a0\u00a0\u00a0\u00a0\u00a0 Boccia\u00a0 Regel\u00e4nderung ab 1.1.2016\u00a0 Absatz 10.7\u00a0 Kein farbiger Ball darf geworfen werden, bevor der Schiedsrichter den Wurf freigegeben hat. Ver\u00e4ndert ein nicht freigegebener Wurf das Spiel, wird die Mannschaft durch Wegnahme eines Balles bestraft. &hellip; <a href=\"https:\/\/bsg-me.de\/?page_id=188\">Weiterlesen <span class=\"meta-nav\">&rarr;<\/span><\/a><\/p>\n","protected":false},"author":1,"featured_media":0,"parent":14,"menu_order":5,"comment_status":"closed","ping_status":"closed","template":"","meta":{"footnotes":""},"class_list":["post-188","page","type-page","status-publish","hentry"],"jetpack_sharing_enabled":true,"_links":{"self":[{"href":"https:\/\/bsg-me.de\/index.php?rest_route=\/wp\/v2\/pages\/188","targetHints":{"allow":["GET"]}}],"collection":[{"href":"https:\/\/bsg-me.de\/index.php?rest_route=\/wp\/v2\/pages"}],"about":[{"href":"https:\/\/bsg-me.de\/index.php?rest_route=\/wp\/v2\/types\/page"}],"author":[{"embeddable":true,"href":"https:\/\/bsg-me.de\/index.php?rest_route=\/wp\/v2\/users\/1"}],"replies":[{"embeddable":true,"href":"https:\/\/bsg-me.de\/index.php?rest_route=%2Fwp%2Fv2%2Fcomments&post=188"}],"version-history":[{"count":54,"href":"https:\/\/bsg-me.de\/index.php?rest_route=\/wp\/v2\/pages\/188\/revisions"}],"predecessor-version":[{"id":4388,"href":"https:\/\/bsg-me.de\/index.php?rest_route=\/wp\/v2\/pages\/188\/revisions\/4388"}],"up":[{"embeddable":true,"href":"https:\/\/bsg-me.de\/index.php?rest_route=\/wp\/v2\/pages\/14"}],"wp:attachment":[{"href":"https:\/\/bsg-me.de\/index.php?rest_route=%2Fwp%2Fv2%2Fmedia&parent=188"}],"curies":[{"name":"wp","href":"https:\/\/api.w.org\/{rel}","templated":true}]}}