{"id":202,"date":"2012-03-24T11:01:03","date_gmt":"2012-03-24T11:01:03","guid":{"rendered":"http:\/\/bsg-me.de\/?page_id=202"},"modified":"2012-05-20T18:23:02","modified_gmt":"2012-05-20T18:23:02","slug":"wirbelsaulengymnastik","status":"publish","type":"page","link":"https:\/\/bsg-me.de\/?page_id=202","title":{"rendered":"Wirbels\u00e4ulengymnastik"},"content":{"rendered":"<p><a href=\"https:\/\/bsg-me.de\/wp-content\/uploads\/2012\/03\/WG15.jpg\"><img fetchpriority=\"high\" decoding=\"async\" class=\"alignleft size-medium wp-image-217\" title=\"Digital StillCamera\" src=\"https:\/\/bsg-me.de\/wp-content\/uploads\/2012\/03\/WG15-300x225.jpg\" alt=\"\" width=\"300\" height=\"225\" srcset=\"https:\/\/bsg-me.de\/wp-content\/uploads\/2012\/03\/WG15-300x225.jpg 300w, https:\/\/bsg-me.de\/wp-content\/uploads\/2012\/03\/WG15.jpg 640w\" sizes=\"(max-width: 300px) 100vw, 300px\" \/><\/a><a href=\"https:\/\/bsg-me.de\/wp-content\/uploads\/2012\/03\/WG8.jpg\"><img decoding=\"async\" class=\"alignright size-medium wp-image-210\" title=\"Digital StillCamera\" src=\"https:\/\/bsg-me.de\/wp-content\/uploads\/2012\/03\/WG8-300x225.jpg\" alt=\"\" width=\"300\" height=\"225\" srcset=\"https:\/\/bsg-me.de\/wp-content\/uploads\/2012\/03\/WG8-300x225.jpg 300w, https:\/\/bsg-me.de\/wp-content\/uploads\/2012\/03\/WG8.jpg 640w\" sizes=\"(max-width: 300px) 100vw, 300px\" \/><\/a><span style=\"font-family: Verdana,sans-serif;\"> <\/span><\/p>\n<p><span style=\"font-family: Verdana,sans-serif;\">Rehabilitationssport wirkt mit den Mitteln des Sports und sportlich ausgerichteter Spiele ganzheitlich auf den Betroffenen ein, um insbesondere seine Ausdauer, Koordination, Flexibilit\u00e4t und Kraft zu st\u00e4rken. Er umfasst \u00dcbungen, die als Gruppen-behandlung unter Leitung von Fach\u00fcbungsleitern mit besonderem <\/span><\/p>\n<p><span style=\"font-family: Verdana,sans-serif;\">Qualifikationsnachweis im Rahmen regelm\u00e4\u00dfig abgehaltener \u00dcbungsveranstaltungen durchgef\u00fchrt werden.<\/span><\/p>\n<p>&nbsp;<\/p>\n<p>&nbsp;<\/p>\n<p><span style=\"font-family: Verdana,sans-serif;\">In diesem Zusammenhang bieten wir als Schwerpunkt an:<\/span><\/p>\n<p style=\"text-align: center;\"><span style=\"font-family: Verdana,sans-serif;\">Sport f\u00fcr Wirbels\u00e4ulen &#8211; Gymnastik<\/span><\/p>\n<p style=\"text-align: center;\"><span style=\"font-family: Verdana,sans-serif;\">Sport f\u00fcr Wirbels\u00e4ulen schonende Gymnastik<\/span><\/p>\n<p style=\"text-align: center;\"><span style=\"font-family: Verdana,sans-serif;\">Sport f\u00fcr Osteoporose <\/span><\/p>\n<p>&nbsp;<\/p>\n<p>&nbsp;<\/p>\n","protected":false},"excerpt":{"rendered":"<p>Rehabilitationssport wirkt mit den Mitteln des Sports und sportlich ausgerichteter Spiele ganzheitlich auf den Betroffenen ein, um insbesondere seine Ausdauer, Koordination, Flexibilit\u00e4t und Kraft zu st\u00e4rken. Er umfasst \u00dcbungen, die als Gruppen-behandlung unter Leitung von Fach\u00fcbungsleitern mit besonderem Qualifikationsnachweis im &hellip; <a href=\"https:\/\/bsg-me.de\/?page_id=202\">Weiterlesen <span class=\"meta-nav\">&rarr;<\/span><\/a><\/p>\n","protected":false},"author":1,"featured_media":0,"parent":14,"menu_order":5,"comment_status":"closed","ping_status":"closed","template":"","meta":{"footnotes":""},"class_list":["post-202","page","type-page","status-publish","hentry"],"jetpack_sharing_enabled":true,"_links":{"self":[{"href":"https:\/\/bsg-me.de\/index.php?rest_route=\/wp\/v2\/pages\/202","targetHints":{"allow":["GET"]}}],"collection":[{"href":"https:\/\/bsg-me.de\/index.php?rest_route=\/wp\/v2\/pages"}],"about":[{"href":"https:\/\/bsg-me.de\/index.php?rest_route=\/wp\/v2\/types\/page"}],"author":[{"embeddable":true,"href":"https:\/\/bsg-me.de\/index.php?rest_route=\/wp\/v2\/users\/1"}],"replies":[{"embeddable":true,"href":"https:\/\/bsg-me.de\/index.php?rest_route=%2Fwp%2Fv2%2Fcomments&post=202"}],"version-history":[{"count":11,"href":"https:\/\/bsg-me.de\/index.php?rest_route=\/wp\/v2\/pages\/202\/revisions"}],"predecessor-version":[{"id":481,"href":"https:\/\/bsg-me.de\/index.php?rest_route=\/wp\/v2\/pages\/202\/revisions\/481"}],"up":[{"embeddable":true,"href":"https:\/\/bsg-me.de\/index.php?rest_route=\/wp\/v2\/pages\/14"}],"wp:attachment":[{"href":"https:\/\/bsg-me.de\/index.php?rest_route=%2Fwp%2Fv2%2Fmedia&parent=202"}],"curies":[{"name":"wp","href":"https:\/\/api.w.org\/{rel}","templated":true}]}}