{"id":26,"date":"2012-02-17T14:20:39","date_gmt":"2012-02-17T14:20:39","guid":{"rendered":"http:\/\/bsg-me.de\/?page_id=26"},"modified":"2023-12-10T12:43:26","modified_gmt":"2023-12-10T12:43:26","slug":"historie","status":"publish","type":"page","link":"https:\/\/bsg-me.de\/?page_id=26","title":{"rendered":"Historie"},"content":{"rendered":"<p><strong>Vereinschronik<\/strong><\/p>\n<p style=\"text-align: justify;\">Die Behinderten Sport Gemeinschaft Mettmann gr\u00fcndete sich am 18.10.1958 in der Gastst\u00e4tte Alt Heidelberg in Mettmann unter dem Namen Versehrten Sport Gemeinschaft.\u00a0 Die Namens\u00e4nderung in Behinderten-Sport-Gemeinschaft Mettmann e.V. wurde 1981 vollzogen.<\/p>\n<p style=\"text-align: justify;\"><span style=\"font-family: arial, helvetica, sans-serif;\">Mettmann war die 88. Versehrten Sport Gemeinschaft im Bereich des BSNW Nord-Rhein.<\/span><br \/>\n<span style=\"font-family: arial, helvetica, sans-serif;\">Voraussetzung\u00a0 war, dass mindestens 15 Kriegsversehrte Mitglied in dem neuen Verein sein mussten.<\/span><\/p>\n<p style=\"text-align: justify;\">Die Gr\u00fcndungsversammlung wurde vom 1. Vorsitzenden des Landesverbandes NRW<br \/>\nHerrn Eberhard Rosslenbroich geleitet.<\/p>\n<p><strong>Die Vereins-Vorsitzenden:<\/strong><br \/>\n<span style=\"font-family: arial, helvetica, sans-serif;\">1958 &#8211; 1962\u00a0\u00a0\u00a0 Ferdinand Schirweit<\/span><br \/>\n<span style=\"font-family: arial, helvetica, sans-serif;\">1962 &#8211; 1982\u00a0 \u00a0 Werner Kamke<\/span><br \/>\n<span style=\"font-family: arial, helvetica, sans-serif;\">1982 &#8211; 2000 \u00a0 Ulrike Schmidt<\/span><br \/>\n<span style=\"font-family: arial, helvetica, sans-serif;\">seit 2000 \u00a0 \u00a0 \u00a0 \u00a0 Hans Stauff<\/span><\/p>\n<p><strong>Im Laufe der Jahre wurden folgende Sportarten durchgef\u00fchrt:<\/strong><br \/>\n<span style=\"font-family: arial, helvetica, sans-serif;\">Sitzball, Prellball, Faustball, Bosseln, Schwimmen, Tischtennis, Leichtathletik, Gymnastik ,\u00a0 Ski, Kegeln, Boccia<\/span><\/p>\n<p><strong>Aktuell werden noch folgende Sportarten angeboten:<\/strong><br \/>\nBosseln, Hallenboccia, Kegeln, Leichtathletik, Wirbels\u00e4ulengymnastik, Schwimmen, Wassergymnastik, <strong>neu <\/strong>Nordic Walking.<\/p>\n<p><strong>Sportliche Erfolge:<\/strong><br \/>\n<span style=\"font-family: arial, helvetica, sans-serif;\">1 \u2013 3. Pl\u00e4tze bei Landes-\/Bezirks- und Kreismeisterschaften in den verschiedensten Disziplinen.<\/span><br \/>\n<span style=\"font-family: arial, helvetica, sans-serif;\">Teilnahme an der Deutschen Meisterschaft im Tischtennis in H\u00fcrth. Au\u00dferdem trat Mettmann in den verschiedensten Disziplinen 36-mal ausw\u00e4rts an.<\/span><\/p>\n<p><strong>Die gr\u00f6\u00dften Aktivit\u00e4ten des Vereins fanden im Jahre 1971 statt<\/strong><br \/>\n<span style=\"font-family: arial, helvetica, sans-serif;\">In der Turnhalle 43 Sportabende<\/span><br \/>\n<span style=\"font-family: arial, helvetica, sans-serif;\">Schwimmabende 55<\/span><br \/>\n<span style=\"font-family: arial, helvetica, sans-serif;\">Sportkegeln 12<\/span><\/p>\n<p><strong><span style=\"font-family: arial, helvetica, sans-serif;\">1974<\/span>\u00a0 Sitzball \u2013 Aufstiegsrunde in M\u00fcnster<\/strong><br \/>\nHier verfehlte die Sitzballmannschaft mit einem Punkt den Aufstieg in die A-Klasse.<br \/>\nZum engeren Kader der Sitzballmannschaften geh\u00f6rte u.a. Willi Berk, Ernst Penasa,<br \/>\nFerdi Schirweit, Werner Kamke, Leo Schmidt, Jakob Frisch, Werner Pein, Friedel Blume, Hans Stauff, Kurt Kesterke, Hermann Quandt, Adolf Kirchner, Heinrich van Leyen, Hermann M\u00f6schk,\u00a0 Peter Meinert, Kurt Hoffmann, Otto Graf Lamsdorf MdB\/FDP,\u00a0 Paul Kriegel, Walter Niggemann, Dr. Josef Posch,\u00a0 Erich Wachholz, Karl Seils, Hans Wacker, Fritz Stark, Karl Heinz M\u00fcnch, Oskar Klein-Ilbeck.<\/p>\n<p>Am 10. Mai 1980 Treffen der Skisportler aus Deutschland im Gesellschaft\u2013Verein Mettmann, Beckershoffstra\u00dfe.<\/p>\n<p><strong><span style=\"font-family: arial, helvetica, sans-serif;\">1984 <\/span><\/strong>bei den Landesski-Meisterschaften in Winterberg belegte Leo Schmidt Platz 3 und<br \/>\nPaul Kriegel Platz 4 \u00fcber 10 Kilometer.<\/p>\n<p><strong><span style=\"font-family: arial, helvetica, sans-serif;\">1985 <\/span><\/strong>Teilnahme an den Deutschen Meisterschaften\u00a0 Leichtathletik<br \/>\nPlatz 1 im 400 m Lauf Ulrike Schmidt<br \/>\nPlatz 3 im Kugelsto\u00dfen\u00a0 Hans Stauff\u00a0 (mit pers\u00f6nlicher Bestleistung)<br \/>\nPlatz 4 im Speerweitwurf Hans Stauff<br \/>\nPlatz 4 im 100 m Rollstuhlfahren Hans Stauff (trotz defekt am Hinterrad des Rollstuhls!!!)<\/p>\n<p>Am Start bei den Deutschen Meisterschaften waren 369 Teilnehmer aus dem gesamten Bundesgebiet, auch die Athleten\u00a0 die f\u00fcr die Weltspiele der Behinderten in New York bereits nominiert waren.<\/p>\n<p><strong><span style=\"font-family: arial, helvetica, sans-serif;\">1986 <\/span><\/strong><span style=\"font-family: arial, helvetica, sans-serif;\">Teilnahme an den Landesmeisterschaften NRW in Detmold mit sehr guten Erfolgen<\/span><br \/>\n<span style=\"font-family: arial, helvetica, sans-serif;\">Unsere Damen belegten 1. + 2. Pl\u00e4tze in den Disziplinen 100 m\/400 m\/1500 m.<\/span><\/p>\n<p><span style=\"font-family: arial, helvetica, sans-serif;\">Bei den Herren belegte Horst Schmidt Platz 1\u00a0 f\u00fcr 400 m und Platz 2 im Standweitsprung.<\/span><\/p>\n<p><span style=\"font-family: arial, helvetica, sans-serif;\">In den 80\u201390er Jahren musste das Sitzballspielen aufgegeben werden, als Ersatz hierf\u00fcr wurde Prellball gespielt, wo Mettmann lange Zeit auf sehr hohem Niveau spielte.<\/span><\/p>\n<p><strong>Zum Kader der Prellballmannschaft geh\u00f6rten die Spieler:<\/strong><br \/>\nWilli Berk, Friedel Blume, Hans Stauff, Adolf Kirchner, Werner Pein, Hermann Quandt, Heinrich van Leyen, Peter Meinert, Paul Kriegel, Hans Wacker, Sabine Horstmann, Heinz Spenrath, Gerhard Schneider, Willi Seibel.<\/p>\n<p><strong>1987 <\/strong>Aufstieg der Bosselmannschaft in die Bezirksliga.<\/p>\n<p><strong>Zum Kader der Bosselmannschaft geh\u00f6ren:<\/strong><br \/>\nManfred K\u00e4ppler, Uli G\u00f6rs, Gertrud Rathmayr, Inge Stauff, Hans Gerd Worring, Dieter Gl\u00f6tzer, Peter Pumm, Horst Manderla, Detlef Bodmann, Gabi F\u00fcrstenberg, Marianne Hommel, Edwin Hommel, Ewald B\u00fcscher.<\/p>\n<p><strong>Freundschaftsturniere und Punktespiele in den Sportarten Bosseln und Hallenboccia haben uns schon zu vielen Behinderten-Sport-Gemeinschaften gef\u00fchrt:<\/strong><\/p>\n<p>Ganz NRW, und dar\u00fcber hinaus, haben wir bereist. Buchst\u00e4blich von A wie Altena \u00fcber B\u00f6nen, Ennepetal,\u00a0 Gelsenkirchen, Hamm,\u00a0 Kierspe, Korschenbroich, K\u00f6ln, L\u00fcnen,\u00a0 Neukirchen-Vluyn , Neumarkt, Pirmasens, Ratingen, Rheinhausen, Remscheid, Rostock, Siegburg,\u00a0 Siegen, Stolberg, Straubing, Schleiden, Schwelm, Sprockh\u00f6vel,\u00a0 Titz, T\u00fcrnich, Regensburg, Velbert, Viersen, Wermelskirchen, Wuppertal, Wanne-Eickel, Walsum, Weinheim, Wesel, Witten, bis Z wie Z\u00fclpich. Um nur eine kleine Auswahl vorzustellen.<\/p>\n<p><strong><span style=\"font-family: arial, helvetica, sans-serif;\">2006 <\/span><\/strong>wurde Hallen-Boccia eingef\u00fchrt und das Training ab Sommer 2006 aufgenommen.<br \/>\nIm Laufe des Jahres wurden die \u00e4rztlichen Untersuchungen abgewickelt und 2 Mannschaften f\u00fcr die Rundenspiele schadensgerecht\u00a0 angemeldet.<br \/>\nInzwischen beteiligen sich 16 Personen am Boccia (Stand: April 2010).<br \/>\nDie ersten Rundenspiele fanden in Nordwalde statt.<br \/>\nIm ersten Jahr konnte sich ME I gut behaupten.<br \/>\nAuf Grund der guten Platzierung haben wir uns zur Teilnahme an der Deutschen Meisterschaft qualifiziert, die in Weinheim (Baden-W\u00fcrttemberg) durchgef\u00fchrt wird.<\/p>\n<p><span style=\"font-family: arial, helvetica, sans-serif;\">Im 2. Jahr wurden wir Vizemeister NRW und qualifizierten uns erneut zur Teilnahme an der Deutschen Meisterschaft in Neumarkt\/Oberpfalz.<\/span><br \/>\n<span style=\"font-family: arial, helvetica, sans-serif;\">Es spielten Birgit B\u00fcscher, Wolfgang Leipnitz, Anneliese Leipnitz sowie Hans Stauff und Inge Stauff. Hier belegten wir Platz 11.<\/span><\/p>\n<p><span style=\"font-family: arial, helvetica, sans-serif;\">In der 4. Saison in der Verbandsliga wurde ME I erneut Vizemeister NRW und konnte sich f\u00fcr die Deutsche Meisterschaft in Gelsenkirchen qualifizieren.<\/span><br \/>\n<span style=\"font-family: arial, helvetica, sans-serif;\">Es spielten Birgit B\u00fcscher, Sigrid Ehrhard, Wolfgang Leipnitz, Stanislaw Jarzecki und Hans Stauff.<\/span><br \/>\n<span style=\"font-family: arial, helvetica, sans-serif;\">ME II wurde in der Oberliga Dritter und verpasste knapp den Aufstieg.<\/span><\/p>\n<p><strong>Ehrungen:<\/strong><\/p>\n<p><strong><span style=\"font-family: arial, helvetica, sans-serif;\">1981<\/span> <\/strong><span style=\"font-family: arial, helvetica, sans-serif;\">Ernennung von Werner Kamke zum Ehrenvorsitzenden.<\/span><\/p>\n<p>Am<strong><span style=\"font-family: arial, helvetica, sans-serif;\"> 15.09.1983 <\/span><\/strong>erhielt Dr. med. Gustav Reuter das Bundesverdienstkreuz am Bande f\u00fcr besondere Verdienste im Behindertensport und als langj\u00e4hriger stellv. Landessportarzt verliehen durch Landrat M\u00fcser, im Namen von Bundespr\u00e4sidenten Carl Carstens.<\/p>\n<p><span style=\"font-family: arial, helvetica, sans-serif;\">Am 1.11.2002 wurde Ursel und Alfred Ordon die Ehrenmitgliedschaft verliehen.<\/span><\/p>\n<p>Der <strong>20.09.2007 <\/strong>war ein ganz gro\u00dfer Tag f\u00fcr die BSG Mettmann e.V.<br \/>\nDie BSG hatte sich an dem Projekt Sterne des Sports beteiligt. Eine Kampagne des Deutschen Olympischen Sportbundes mit Unterst\u00fctzung der Volksbanken.<br \/>\nDie Bewerbung ging zu Anfang auf Stadt\/Kreis\/Gemeindeebene. F\u00fcr uns war Wuppertal, Velbert, Witten, W\u00fclfrath, Neviges, Langenberg, Mettmann und Schwelm als Bezirk.<br \/>\nHier waren alle Sportvereine aufgerufen, sich zu beteiligen. Unter allen Anw\u00e4rtern belegten wir Platz 3 und erhielten den\u00a0 kleinen Stern in Bronze und EUR 500,00.<br \/>\nDie Ehrung fand statt in den R\u00e4umen der Gesellschaft Concordia\u00a0 in Wuppertal.<br \/>\nNur der\u00a0 Sieger, SV Bayer Wuppertal konnte an der n\u00e4chsten Runde auf NRW-Ebene in K\u00f6ln teilnehmen.<\/p>\n<p>Am <strong><span style=\"font-family: arial, helvetica, sans-serif;\">30.10.2007<\/span> <\/strong>fand der n\u00e4chste gro\u00dfe Tag f\u00fcr den Verein statt.<br \/>\nDie BSG hatte sich an dem gr\u00f6\u00dften Deutschen Wettbewerb f\u00fcr das Ehrenamt im Sport<br \/>\n\u201ef\u00fcr mich, f\u00fcr uns, f\u00fcr alle\u201c\u00a0 beteiligt. Die Initiative B\u00fcrger-Engagement, ein Projekt des Deutschen Sparkassen Verlages Berlin mit Unterst\u00fctzung der Bundestagsabgeordneten. Das Projekt wurde auf lokaler Ebene von der Kreissparkasse D\u00fcsseldorf unterst\u00fctzt. Wir hatten Hans Gerd Worring f\u00fcr seine ehrenamtlichen T\u00e4tigkeiten in der DLRG und BSG Mettmann e.V.\u00a0 vorgeschlagen und zu unser aller Freude belegte er in der Kategorie <em><strong>ALLTAGSHELDEN <\/strong><\/em>den 2. Platz. Die Ehrung nahmen Frau Michaela Noll, MdB und Herr Velleuer, Filialdirektor der Kreissparkasse Mettmann vor. <strong>Hans Gerd Worring<\/strong> erhielt eine Medaille und verbrachte auf Einladung von Frau Noll mit seiner Ehefrau ein Wochenende in Berlin.<\/p>\n<p><span style=\"font-family: arial, helvetica, sans-serif;\">In einem weiteren Wettbewerb der Landessportbundes\/RWE\u00a0 beteiligte sich die BSG 2007 unter dem Motto \u201eder familienfreundliche Sportverein\u201c.<\/span><br \/>\n<span style=\"font-family: arial, helvetica, sans-serif;\">F\u00fcr die Ausarbeitung und vorgelegten Konzepte erhielt die BSG eine Urkunde, die sie als familienfreundlicher Sportverein auszeichnet.<\/span><\/p>\n<p>Dem Verein geh\u00f6ren zurzeit (Stand: Februar 2012) 122\u00a0 Mitglieder an, wovon 97% sich aktiv beteiligen. Die Mitglieder kommen nicht nur aus Mettmann, sondern auch aus den umliegenden St\u00e4dten W\u00fclfrath, Ratingen, Velbert sowie Haan\u2013Gruiten, D\u00fcsseldorf, Erkrath, Langenberg.<\/p>\n<p><strong>Anmeldem\u00f6glichkeit f\u00fcr interessierte Behinderte und Nichtbehinderte:<\/strong><\/p>\n<p><span style=\"font-family: arial, helvetica, sans-serif;\">Montags Hallenbad\u00a0 &#8211; 18.00 Uhr \u2013 18.45 Uhr<\/span><\/p>\n<p><span style=\"font-family: arial, helvetica, sans-serif;\">Mittwochs\u00a0 Turnhalle Gruitener Str.- 18.00 Uhr \u2013 19.30 Uhr<\/span><\/p>\n<p><span style=\"font-family: arial, helvetica, sans-serif;\">Donnerstags Turnhalle Gruitener Str. &#8211; 17.00 Uhr \u2013 18.30 Uhr<\/span><\/p>\n<p><span style=\"font-family: arial, helvetica, sans-serif;\">oder Info ab 10:00 Uhr unter Tel. 02104-25827<\/span><\/p>\n<hr \/>\n<p><span style=\"font-family: arial, helvetica, sans-serif;\">Am 13\/14.9.13 nahm die BSG zum 4. mal an den Deutschen Meisterschaften<\/span><\/p>\n<p><span style=\"font-family: arial, helvetica, sans-serif;\">Im Hallen-Boccia teil. In Weinheim\/Baden erreichte die Mannschaft den 7,. Platz<\/span><\/p>\n<p><span style=\"font-family: arial, helvetica, sans-serif;\">Am 23.8.13 wurde im Lokschuppen Erkrath der Deutsche B\u00fcrgerpreis an Hans Stauff<\/span><\/p>\n<p><span style=\"font-family: arial, helvetica, sans-serif;\">In der Kategorie \u00a0\u201e Lebenswerk\u201c verliehen. Deutschlands h\u00f6chste Auszeichnung f\u00fcr ehrenamtliche<\/span><\/p>\n<p><span style=\"font-family: arial, helvetica, sans-serif;\">T\u00e4tigkeiten in Verbindung mit der Bundesregierung und dem Deutschen Sparkassen Verband.<\/span><\/p>\n<p><span style=\"font-family: arial, helvetica, sans-serif;\">Der Preis wurde von der Kreissparkasse D\u00fcsseldorf und die Urkunde mit Standmotiv von der Bundestagsabgeordneten Frau Michaela Noll verliehen.<\/span><\/p>\n<p><span style=\"font-family: arial, helvetica, sans-serif;\">Am 29.3.14 fand die Preisverleihung f\u00fcr Behinderten Sport Vereine im Industriemuseum, Oberhausen statt.<\/span><\/p>\n<p><span style=\"font-family: arial, helvetica, sans-serif;\">1600 Vereine aus NRW waren aufgerufen Ihre Projekte darzustellen.<\/span><\/p>\n<p><span style=\"font-family: arial, helvetica, sans-serif;\">Die Jury bestehend aus dem Familienministerium Jugend\/Sport NRW, dem Behinderten Sport Verband NRW,<\/span><\/p>\n<p><span style=\"font-family: arial, helvetica, sans-serif;\">dem Landschaftsverband Rheinland und Vertreter der Sponsoren w\u00fcrdigten die vielseitigen Projekte im Rahmen<\/span><\/p>\n<p><span style=\"font-family: arial, helvetica, sans-serif;\">der Inklusion und verlieh der BSG Mettmann den Titel Behinderten Sport Verein des Jahres 2013<\/span><\/p>\n<p><span style=\"font-family: arial, helvetica, sans-serif;\">Die Laudatio hielt Herr Horst Gie\u00dfen von der Messe AG D\u00fcsseldorf.<\/span><\/p>\n<p><span style=\"font-family: arial, helvetica, sans-serif;\">Die Verleihung war mit einem Preisgeld von \u20ac 2000,00 verbunden.<\/span><\/p>\n<p>&#8212;&#8212;&#8212;&#8212;&#8212;&#8212;&#8212;&#8212;&#8212;&#8212;&#8212;&#8212;&#8212;&#8212;&#8212;&#8212;&#8212;&#8212;&#8212;&#8212;&#8212;&#8212;&#8212;&#8212;&#8212;&#8212;&#8212;&#8212;&#8212;&#8212;&#8212;&#8212;&#8212;&#8212;&#8212;&#8211;<\/p>\n<h2><span style=\"color: #000000; font-family: arial, helvetica, sans-serif;\">Bronzemedaille bei den 11. Deutschen Meisterschaften im Hallen- Boccia f\u00fcr die BSG Mettmann im 2015<\/span><\/h2>\n<p><a href=\"https:\/\/bsg-me.de\/wp-content\/uploads\/2012\/03\/DM-Hallenboccia-2015-1-Kopie.jpg\"><img fetchpriority=\"high\" decoding=\"async\" class=\"aligncenter size-full wp-image-1542\" src=\"https:\/\/bsg-me.de\/wp-content\/uploads\/2012\/03\/DM-Hallenboccia-2015-1-Kopie.jpg\" sizes=\"(max-width: 1652px) 100vw, 1652px\" srcset=\"https:\/\/bsg-me.de\/wp-content\/uploads\/2012\/03\/DM-Hallenboccia-2015-1-Kopie.jpg 1652w, https:\/\/bsg-me.de\/wp-content\/uploads\/2012\/03\/DM-Hallenboccia-2015-1-Kopie-300x238.jpg 300w, https:\/\/bsg-me.de\/wp-content\/uploads\/2012\/03\/DM-Hallenboccia-2015-1-Kopie-1024x811.jpg 1024w, https:\/\/bsg-me.de\/wp-content\/uploads\/2012\/03\/DM-Hallenboccia-2015-1-Kopie-900x713.jpg 900w\" alt=\"DM Hallenboccia 2015 - 1 - Kopie\" width=\"1652\" height=\"1309\" \/><\/a><\/p>\n<p><a href=\"https:\/\/bsg-me.de\/wp-content\/uploads\/2012\/03\/DM-Hallenboccia-2015-2-Kopie-2.jpg\"><img decoding=\"async\" class=\"aligncenter size-full wp-image-1536\" src=\"https:\/\/bsg-me.de\/wp-content\/uploads\/2012\/03\/DM-Hallenboccia-2015-2-Kopie-2.jpg\" sizes=\"(max-width: 1556px) 100vw, 1556px\" srcset=\"https:\/\/bsg-me.de\/wp-content\/uploads\/2012\/03\/DM-Hallenboccia-2015-2-Kopie-2.jpg 1556w, https:\/\/bsg-me.de\/wp-content\/uploads\/2012\/03\/DM-Hallenboccia-2015-2-Kopie-2-300x225.jpg 300w, https:\/\/bsg-me.de\/wp-content\/uploads\/2012\/03\/DM-Hallenboccia-2015-2-Kopie-2-1024x768.jpg 1024w, https:\/\/bsg-me.de\/wp-content\/uploads\/2012\/03\/DM-Hallenboccia-2015-2-Kopie-2-900x675.jpg 900w\" alt=\"DM Hallenboccia 2015 - 2 - Kopie (2)\" width=\"1556\" height=\"1167\" \/><\/a><\/p>\n<p><strong><span style=\"font-family: arial, helvetica, sans-serif;\">Boccia Team erreicht Platz 3 bei den 11. Deutschen Meisterschaften im Hallen Boccia.<\/span><\/strong><\/p>\n<p><span style=\"font-family: arial, helvetica, sans-serif;\">F\u00fcr die 11. Deutschen Meisterschaften, die am 11\/12. September in Arnstadt\/Th\u00fcringen ausgetragen wurden hatte sich die Boccia Mannschaft der BSG Mettmann f\u00fcr den Landesverband NRW qualifiziert.<\/span><\/p>\n<p><span style=\"font-family: arial, helvetica, sans-serif;\">Am Start waren 16 Mannschaften aus 9 Bundesl\u00e4ndern und gleich zu Beginn begannen die Mettmanner mit einem Paukenschlag und f\u00fcgten dem sp\u00e4teren Sieger und jetzigen 4fachen Deutschen Meister aus Gelsenkirchen mit 12 : 6 die einzige Niederlage bei.<\/span><\/p>\n<p><span style=\"font-family: arial, helvetica, sans-serif;\">Auch der weitere Favorit BRS Gersweiler 1\/ Saarland , der sich inzwischen mit einem Auswahlspieler verst\u00e4rken konnte hatte gegen die gut aufgelegten Mettmanner keine Chance und wurde mit 15 : 6 besiegt. Auch gegen Rostock\/ Meckl. Vorpommern stand ein 10 : 0 zu Buche und so ging die Mannschaft an der Spitze liegend in den 2. Wettkampftag.<\/span><\/p>\n<p><span style=\"font-family: arial, helvetica, sans-serif;\">Die fr\u00fche Anfangzeit 7.45 Uhr ist leider allen Spielern nicht so gut bekommen, nach Niederlagen gegen den AC Weinheim\/Baden und SC Nordwalde\/NRW fand man zu alter St\u00e4rke wieder und besiegte VSG Stadthagen\/Niedersachsen, BSV Pirmasens\/Rheinl.Pfalz, Gersweiler 2\/Saarland, BSV Frankenthal\/Rheinl. Pfalz BSSV Arnstadt + SG Einheit Arnstadt\/Th\u00fcringen , Rhinos Wisbaden\/ Hessen sowie Angstgegner BSG Hemsbach\/Baden und verlor nur noch gegen die BVSG Regensburg\/Bayern und RBA Neumarkt\/Bayern.<\/span><\/p>\n<p><span style=\"font-family: arial, helvetica, sans-serif;\">Die Endtabelle<\/span><\/p>\n<ol>\n<li><span style=\"font-family: arial, helvetica, sans-serif;\">VSG Gelsenkirchen\u00a0\u00a0\u00a0\u00a0 4facher Deutscher Meister<\/span><\/li>\n<li><span style=\"font-family: arial, helvetica, sans-serif;\">BRS Gersweiler I<\/span><\/li>\n<li><span style=\"font-family: arial, helvetica, sans-serif;\">BSG Mettmann I<\/span><\/li>\n<\/ol>\n<p><span style=\"font-family: arial, helvetica, sans-serif;\">Ein toller Erfolg, da die Mettmanner neben dem AC Weinheim mit den h\u00f6chsten Handicaps diesen Platz erreichten.<\/span><\/p>\n<p><span style=\"font-family: arial, helvetica, sans-serif;\">Die Siegerehrung und \u00dcberreichung der Bronzeplaketten nahm der DBS Beauftrage Teddy<\/span><\/p>\n<p><span style=\"font-family: arial, helvetica, sans-serif;\">\u00d6streicher vor.<\/span><b><strong><br \/>\n<\/strong><\/b><\/p>\n","protected":false},"excerpt":{"rendered":"<p>Vereinschronik Die Behinderten Sport Gemeinschaft Mettmann gr\u00fcndete sich am 18.10.1958 in der Gastst\u00e4tte Alt Heidelberg in Mettmann unter dem Namen Versehrten Sport Gemeinschaft.\u00a0 Die Namens\u00e4nderung in Behinderten-Sport-Gemeinschaft Mettmann e.V. wurde 1981 vollzogen. Mettmann war die 88. Versehrten Sport Gemeinschaft im &hellip; <a href=\"https:\/\/bsg-me.de\/?page_id=26\">Weiterlesen <span class=\"meta-nav\">&rarr;<\/span><\/a><\/p>\n","protected":false},"author":1,"featured_media":0,"parent":0,"menu_order":3,"comment_status":"closed","ping_status":"closed","template":"","meta":{"footnotes":""},"class_list":["post-26","page","type-page","status-publish","hentry"],"jetpack_sharing_enabled":true,"_links":{"self":[{"href":"https:\/\/bsg-me.de\/index.php?rest_route=\/wp\/v2\/pages\/26","targetHints":{"allow":["GET"]}}],"collection":[{"href":"https:\/\/bsg-me.de\/index.php?rest_route=\/wp\/v2\/pages"}],"about":[{"href":"https:\/\/bsg-me.de\/index.php?rest_route=\/wp\/v2\/types\/page"}],"author":[{"embeddable":true,"href":"https:\/\/bsg-me.de\/index.php?rest_route=\/wp\/v2\/users\/1"}],"replies":[{"embeddable":true,"href":"https:\/\/bsg-me.de\/index.php?rest_route=%2Fwp%2Fv2%2Fcomments&post=26"}],"version-history":[{"count":49,"href":"https:\/\/bsg-me.de\/index.php?rest_route=\/wp\/v2\/pages\/26\/revisions"}],"predecessor-version":[{"id":4668,"href":"https:\/\/bsg-me.de\/index.php?rest_route=\/wp\/v2\/pages\/26\/revisions\/4668"}],"wp:attachment":[{"href":"https:\/\/bsg-me.de\/index.php?rest_route=%2Fwp%2Fv2%2Fmedia&parent=26"}],"curies":[{"name":"wp","href":"https:\/\/api.w.org\/{rel}","templated":true}]}}