{"id":35,"date":"2012-02-17T14:34:21","date_gmt":"2012-02-17T14:34:21","guid":{"rendered":"http:\/\/bsg-me.de\/?page_id=35"},"modified":"2023-12-10T13:00:56","modified_gmt":"2023-12-10T13:00:56","slug":"sponsoren","status":"publish","type":"page","link":"https:\/\/bsg-me.de\/?page_id=35","title":{"rendered":"Sponsoren"},"content":{"rendered":"<p>&nbsp;<\/p>\n<p>&nbsp;<\/p>\n<p style=\"text-align: justify;\">Unsere Mitgliedsbeitr\u00e4ge reichen bei weitem nicht aus, den \u00dcbungsbetrieb aufrecht zu erhalten, die Kosten f\u00fcr die Fach\u00fcbungsleiter\/innen im Reha- und Behindertensport zu decken und Aktivit\u00e4ten des Vereins zu bezahlen. Daher sind wir sehr auf Spenden angewiesen.<\/p>\n<p style=\"text-align: left;\">Die BSG Mettmann e.V. ist ein gemeinn\u00fctziger Verein und kann als solcher f\u00fcr alle Spenden eine Spendenbescheinigung ausstellen, die von den Finanz\u00e4mtern anerkannt wird. Gerne erw\u00e4hnen wir Spender dankend auf dieser Seite oder w\u00fcrden auch einen &#8222;Link&#8220; zur Spenderhomepage einrichten.<\/p>\n<p style=\"text-align: justify;\"><a href=\"https:\/\/bsg-me.de\/wp-content\/uploads\/2012\/02\/Volksbank.jpg\"><img fetchpriority=\"high\" decoding=\"async\" class=\"aligncenter size-full wp-image-416\" title=\"Volksbank\" src=\"https:\/\/bsg-me.de\/wp-content\/uploads\/2012\/02\/Volksbank.jpg\" alt=\"\" width=\"442\" height=\"332\" srcset=\"https:\/\/bsg-me.de\/wp-content\/uploads\/2012\/02\/Volksbank.jpg 640w, https:\/\/bsg-me.de\/wp-content\/uploads\/2012\/02\/Volksbank-300x225.jpg 300w\" sizes=\"(max-width: 442px) 100vw, 442px\" \/><\/a> Zu unseren Sponsoren z\u00e4hlt u.a. die Volksbank Mettmann, mit deren Hilfe wir z.B. Sportkleidung und Ger\u00e4te finanzieren.<\/p>\n<p><span style=\"color: #000000;\"><strong>Neue Trikots f\u00fcr BSG Mettmann<\/strong><\/span><\/p>\n<p><strong>Alle f\u00fcnf Boccia-Teams der Behinderten-Sport-Gemeinschaft Mettmann wurden mit neuen Trikots ausgestattet.<\/strong><\/p>\n<p>Die Mannschaften der BSG waren sehr erfreut und bedanken sich herzlich bei der Credit- und Volksbank f\u00fcr die Unterst\u00fctzung.<\/p>\n<p><a href=\"https:\/\/bsg-me.de\/wp-content\/uploads\/2012\/02\/SL270174.jpg\"><img decoding=\"async\" class=\"aligncenter wp-image-1516\" src=\"https:\/\/bsg-me.de\/wp-content\/uploads\/2012\/02\/SL270174.jpg\" alt=\"SL270174\" width=\"482\" height=\"362\" srcset=\"https:\/\/bsg-me.de\/wp-content\/uploads\/2012\/02\/SL270174.jpg 648w, https:\/\/bsg-me.de\/wp-content\/uploads\/2012\/02\/SL270174-300x225.jpg 300w\" sizes=\"(max-width: 482px) 100vw, 482px\" \/><\/a><\/p>\n<p>Foto:\u00a0BSG Mettmann<\/p>\n<p><strong>Mettmann<\/strong>\u00a0&#8211;<\/p>\n<p>Durch eine vom Verband vorgeschriebene Trikot-Neuordnung war die BSG gezwungen eine gro\u00dfe Anzahl neuer Trikot anzuschaffen um auch weiterhin am Spielbetrieb in Deutschland teilnehmen zu k\u00f6nnen. Dieses nahm die Credit- und Volksbank Wuppertal zum Anlass und stattete alle 5 Mannschaften mit den erforderlichen neuen Trikot aus. Die offizielle \u00dcbergabe erfolgte am Rande des Freundschaftsturniers im Hallen-Boccia durch Axel Nolzen, Filialleiter der Credit- und Volksbank Wuppertal.<\/p>\n<p style=\"text-align: justify;\">Die Kreissparkasse Mettmann z\u00e4hlt ebenfalls zu <strong>den <\/strong>Sponsoren, mit deren\u00a0 finanzielle Unterst\u00fctzung unser Vereinsleben erheblich erleichtert wird.<\/p>\n<p style=\"text-align: justify;\">Auch wurde uns jetzt ein Schaukasten im Durchgang der Kreissparkasse zur Verf\u00fcgung gestellt.<\/p>\n<p style=\"text-align: left;\">Es ist<strong> die\u00a0Steinbrink\u00a0<\/strong><\/p>\n<p style=\"text-align: left;\"><a href=\"https:\/\/bsg-me.de\/wp-content\/uploads\/2012\/02\/Sponsor-Steinbrink.jpg\"><img decoding=\"async\" class=\"wp-image-720 alignnone\" title=\"Sponsor Steinbrink\" src=\"https:\/\/bsg-me.de\/wp-content\/uploads\/2012\/02\/Sponsor-Steinbrink-300x228.jpg\" alt=\"\" width=\"272\" height=\"206\" srcset=\"https:\/\/bsg-me.de\/wp-content\/uploads\/2012\/02\/Sponsor-Steinbrink-300x228.jpg 300w, https:\/\/bsg-me.de\/wp-content\/uploads\/2012\/02\/Sponsor-Steinbrink.jpg 493w\" sizes=\"(max-width: 272px) 100vw, 272px\" \/><\/a><\/p>\n<p style=\"text-align: justify;\"><strong>*******************************************************************************************************************************************************<\/strong><\/p>\n<p style=\"text-align: justify;\"><strong>die &#8220; Haaner Felsenquelle &#8222;<\/strong><\/p>\n<p style=\"text-align: justify;\"><strong><span style=\"font-family: Arial; font-size: 10pt;\">\u00a0<a href=\"https:\/\/bsg-me.de\/wp-content\/uploads\/2014\/08\/Haaner-Felsenquelle.jpg\"><img loading=\"lazy\" decoding=\"async\" class=\" size-full wp-image-1192 alignnone\" src=\"https:\/\/bsg-me.de\/wp-content\/uploads\/2014\/08\/Haaner-Felsenquelle.jpg\" alt=\"Haaner Felsenquelle\" width=\"200\" height=\"254\" \/><\/a><\/span><\/strong><\/p>\n<p style=\"text-align: justify;\"><strong>********************************************************************************************************************************************************<\/strong><\/p>\n<p><strong>\u00a0 Hausmacher Wurst von Rudi Beckershoff<\/strong><\/p>\n<p><strong>\u00a0\u00a0\u00a0\u00a0\u00a0\u00a0\u00a0\u00a0\u00a0\u00a0\u00a0\u00a0\u00a0\u00a0\u00a0\u00a0\u00a0\u00a0\u00a0\u00a0\u00a0\u00a0\u00a0\u00a0\u00a0\u00a0\u00a0\u00a0\u00a0Gut Katers<\/strong><\/p>\n<p><a href=\"https:\/\/bsg-me.de\/wp-content\/uploads\/2012\/02\/Dok1.jpg\"><img loading=\"lazy\" decoding=\"async\" class=\" wp-image-1242 alignnone\" src=\"https:\/\/bsg-me.de\/wp-content\/uploads\/2012\/02\/Dok1.jpg\" alt=\"Dok1\" width=\"463\" height=\"654\" srcset=\"https:\/\/bsg-me.de\/wp-content\/uploads\/2012\/02\/Dok1.jpg 1240w, https:\/\/bsg-me.de\/wp-content\/uploads\/2012\/02\/Dok1-212x300.jpg 212w, https:\/\/bsg-me.de\/wp-content\/uploads\/2012\/02\/Dok1-900x1273.jpg 900w\" sizes=\"(max-width: 463px) 100vw, 463px\" \/><\/a><\/p>\n<p><strong>******************************************************************************************************************************************************<\/strong><\/p>\n<p><strong>Neuer Sponsor<\/strong><\/p>\n<p><strong>B\u00e4ckerei Behmer<\/strong><\/p>\n<p><strong>40822 Mettmann, Flurstr. 16<\/strong><\/p>\n<p><a href=\"https:\/\/bsg-me.de\/wp-content\/uploads\/2012\/02\/Bewerbungsbild_6x4.5.jpg\"><img loading=\"lazy\" decoding=\"async\" class=\" wp-image-1325 alignnone\" src=\"https:\/\/bsg-me.de\/wp-content\/uploads\/2012\/02\/Bewerbungsbild_6x4.5.jpg\" alt=\"Bewerbungsbild_6x4.5\" width=\"235\" height=\"314\" srcset=\"https:\/\/bsg-me.de\/wp-content\/uploads\/2012\/02\/Bewerbungsbild_6x4.5.jpg 338w, https:\/\/bsg-me.de\/wp-content\/uploads\/2012\/02\/Bewerbungsbild_6x4.5-225x300.jpg 225w\" sizes=\"(max-width: 235px) 100vw, 235px\" \/><\/a><\/p>\n<p><strong>*****************************************************************************************************************************************************<\/strong><\/p>\n<p><strong>Neuer Sponsor<\/strong><\/p>\n<p><strong>REWE Markt\u00a0 <\/strong><strong>40822 Mettmann, Schwarzbach Str. 12<\/strong><\/p>\n<p><strong>*****************************************************************************************************************************************************<\/strong><\/p>\n<p>Jeder Euro hilft bei der Aufrechterhaltung des Vereins und zur Durchf\u00fchrung des Reha-Sports. Daher freuen wir uns \u00fcber jede Zuwendung die auf eines unserer Konten eingeht.<\/p>\n<p>Bitte sprechen Sie uns gerne an, wir teilen Ihnen die Bankverbindung gerne mit.<\/p>\n","protected":false},"excerpt":{"rendered":"<p>&nbsp; &nbsp; Unsere Mitgliedsbeitr\u00e4ge reichen bei weitem nicht aus, den \u00dcbungsbetrieb aufrecht zu erhalten, die Kosten f\u00fcr die Fach\u00fcbungsleiter\/innen im Reha- und Behindertensport zu decken und Aktivit\u00e4ten des Vereins zu bezahlen. Daher sind wir sehr auf Spenden angewiesen. Die BSG &hellip; <a href=\"https:\/\/bsg-me.de\/?page_id=35\">Weiterlesen <span class=\"meta-nav\">&rarr;<\/span><\/a><\/p>\n","protected":false},"author":1,"featured_media":0,"parent":0,"menu_order":9,"comment_status":"closed","ping_status":"closed","template":"","meta":{"footnotes":""},"class_list":["post-35","page","type-page","status-publish","hentry"],"jetpack_sharing_enabled":true,"_links":{"self":[{"href":"https:\/\/bsg-me.de\/index.php?rest_route=\/wp\/v2\/pages\/35","targetHints":{"allow":["GET"]}}],"collection":[{"href":"https:\/\/bsg-me.de\/index.php?rest_route=\/wp\/v2\/pages"}],"about":[{"href":"https:\/\/bsg-me.de\/index.php?rest_route=\/wp\/v2\/types\/page"}],"author":[{"embeddable":true,"href":"https:\/\/bsg-me.de\/index.php?rest_route=\/wp\/v2\/users\/1"}],"replies":[{"embeddable":true,"href":"https:\/\/bsg-me.de\/index.php?rest_route=%2Fwp%2Fv2%2Fcomments&post=35"}],"version-history":[{"count":34,"href":"https:\/\/bsg-me.de\/index.php?rest_route=\/wp\/v2\/pages\/35\/revisions"}],"predecessor-version":[{"id":4671,"href":"https:\/\/bsg-me.de\/index.php?rest_route=\/wp\/v2\/pages\/35\/revisions\/4671"}],"wp:attachment":[{"href":"https:\/\/bsg-me.de\/index.php?rest_route=%2Fwp%2Fv2%2Fmedia&parent=35"}],"curies":[{"name":"wp","href":"https:\/\/api.w.org\/{rel}","templated":true}]}}