{"id":449,"date":"2012-05-18T14:38:48","date_gmt":"2012-05-18T14:38:48","guid":{"rendered":"http:\/\/bsg-me.de\/?page_id=449"},"modified":"2023-10-28T16:09:34","modified_gmt":"2023-10-28T16:09:34","slug":"boccia","status":"publish","type":"page","link":"https:\/\/bsg-me.de\/?page_id=449","title":{"rendered":"Boccia"},"content":{"rendered":"<h2 style=\"text-align: center;\"><span style=\"font-family: arial,helvetica,sans-serif;\"><strong><span style=\"color: #000000;\">Gl\u00fcckwunsch zu Platz <span style=\"font-size: 24pt;\">1.<\/span> in B\u00f6nen<\/span><\/strong><\/span><\/h2>\n<p><span style=\"font-family: arial,helvetica,sans-serif; font-size: 14pt;\">Am Samstag,\u00a0 21.04.2018\u00a0\u00a0&#8211; Boccia Integrationsturnier <\/span><span style=\"font-size: 14pt;\"><span style=\"font-family: Arial;\">in B\u00f6nen.<\/span><\/span><\/p>\n<p><a href=\"https:\/\/bsg-me.de\/wp-content\/uploads\/2019\/03\/1.jpg\"><img fetchpriority=\"high\" decoding=\"async\" class=\"aligncenter size-full wp-image-3089\" src=\"https:\/\/bsg-me.de\/wp-content\/uploads\/2019\/03\/1.jpg\" alt=\"\" width=\"1024\" height=\"768\" srcset=\"https:\/\/bsg-me.de\/wp-content\/uploads\/2019\/03\/1.jpg 1024w, https:\/\/bsg-me.de\/wp-content\/uploads\/2019\/03\/1-300x225.jpg 300w\" sizes=\"(max-width: 1024px) 100vw, 1024px\" \/><\/a><\/p>\n<p style=\"text-align: center;\">\n<p style=\"text-align: center;\"><a href=\"https:\/\/bsg-me.de\/wp-content\/uploads\/2019\/03\/Boccia-Team-gewinnt-Pokal-2018-in-B\u00f6nen.jpg\"><img decoding=\"async\" class=\"wp-image-3090 aligncenter\" src=\"https:\/\/bsg-me.de\/wp-content\/uploads\/2019\/03\/Boccia-Team-gewinnt-Pokal-2018-in-B\u00f6nen.jpg\" alt=\"\" width=\"363\" height=\"1133\" srcset=\"https:\/\/bsg-me.de\/wp-content\/uploads\/2019\/03\/Boccia-Team-gewinnt-Pokal-2018-in-B\u00f6nen.jpg 716w, https:\/\/bsg-me.de\/wp-content\/uploads\/2019\/03\/Boccia-Team-gewinnt-Pokal-2018-in-B\u00f6nen-96x300.jpg 96w, https:\/\/bsg-me.de\/wp-content\/uploads\/2019\/03\/Boccia-Team-gewinnt-Pokal-2018-in-B\u00f6nen-328x1024.jpg 328w\" sizes=\"(max-width: 363px) 100vw, 363px\" \/><\/a><\/p>\n<p style=\"text-align: center;\">\n<p>&nbsp;<\/p>\n<p>&nbsp;<\/p>\n<p><a href=\"https:\/\/bsg-me.de\/wp-content\/uploads\/2012\/03\/R.P.22-03-12-Boccia-Turnier.jpg\"><img decoding=\"async\" class=\"alignnone size-large wp-image-447\" title=\"R.P.22-03-12-Boccia-Turnier\" src=\"https:\/\/bsg-me.de\/wp-content\/uploads\/2012\/03\/R.P.22-03-12-Boccia-Turnier-1024x739.jpg\" alt=\"\" width=\"640\" height=\"461\" srcset=\"https:\/\/bsg-me.de\/wp-content\/uploads\/2012\/03\/R.P.22-03-12-Boccia-Turnier-1024x739.jpg 1024w, https:\/\/bsg-me.de\/wp-content\/uploads\/2012\/03\/R.P.22-03-12-Boccia-Turnier-300x216.jpg 300w, https:\/\/bsg-me.de\/wp-content\/uploads\/2012\/03\/R.P.22-03-12-Boccia-Turnier.jpg 1287w\" sizes=\"(max-width: 640px) 100vw, 640px\" \/><\/a><\/p>\n<p>Aus der Rheinischen Post vom 22. M\u00e4rz 2012. Mit einem Klick auf das Bild wird der Artikel vergr\u00f6\u00dfert.<\/p>\n<p>&nbsp;<\/p>\n<p style=\"text-align: center;\">Eindr\u00fccke eines Turniers vom 18.06.11 in Kamen<\/p>\n<p><a href=\"https:\/\/bsg-me.de\/wp-content\/uploads\/2012\/03\/LPKamen18062011_-1151.jpg\"><img loading=\"lazy\" decoding=\"async\" class=\"size-thumbnail wp-image-297 alignleft\" title=\"Boccia-Turnier\" src=\"https:\/\/bsg-me.de\/wp-content\/uploads\/2012\/03\/LPKamen18062011_-1151-150x150.jpg\" alt=\"Kamen 2011\" width=\"150\" height=\"150\" \/><\/a> <a href=\"https:\/\/bsg-me.de\/wp-content\/uploads\/2012\/03\/LPKamen18062011_-1071.jpg\"><img loading=\"lazy\" decoding=\"async\" class=\"size-thumbnail wp-image-294 alignright\" title=\"LP Kamen1\" src=\"https:\/\/bsg-me.de\/wp-content\/uploads\/2012\/03\/LPKamen18062011_-1071-150x150.jpg\" alt=\"\" width=\"154\" height=\"154\" \/><\/a><a href=\"https:\/\/bsg-me.de\/wp-content\/uploads\/2012\/03\/LPKamen18062011_-881.jpg\"><img loading=\"lazy\" decoding=\"async\" class=\"size-thumbnail wp-image-293 aligncenter\" title=\"LP Kamen 2\" src=\"https:\/\/bsg-me.de\/wp-content\/uploads\/2012\/03\/LPKamen18062011_-881-150x150.jpg\" alt=\"\" width=\"150\" height=\"150\" \/><\/a><\/p>\n<p><a href=\"https:\/\/bsg-me.de\/wp-content\/uploads\/2012\/03\/LPKamen18062011_-191.jpg\"><img loading=\"lazy\" decoding=\"async\" class=\"size-thumbnail wp-image-198 alignleft\" title=\"LP Kamen6\" src=\"https:\/\/bsg-me.de\/wp-content\/uploads\/2012\/03\/LPKamen18062011_-191-150x150.jpg\" alt=\"Siegerehrung\" width=\"150\" height=\"150\" \/><\/a><\/p>\n<p><a href=\"https:\/\/bsg-me.de\/wp-content\/uploads\/2012\/03\/LPKamen18062011_-143.jpg\"><img loading=\"lazy\" decoding=\"async\" class=\"size-thumbnail wp-image-197 alignright\" title=\"LP Kamen 4\" src=\"https:\/\/bsg-me.de\/wp-content\/uploads\/2012\/03\/LPKamen18062011_-143-150x150.jpg\" alt=\"\" width=\"150\" height=\"150\" \/><\/a><\/p>\n<p style=\"text-align: center;\">Wettkampf-Eifer mit anschlie\u00dfender Siegerehrung und gem\u00fctlichem Beisammensein.<\/p>\n<p>&nbsp;<\/p>\n<p>&nbsp;<\/p>\n","protected":false},"excerpt":{"rendered":"<p>Gl\u00fcckwunsch zu Platz 1. in B\u00f6nen Am Samstag,\u00a0 21.04.2018\u00a0\u00a0&#8211; Boccia Integrationsturnier in B\u00f6nen. &nbsp; &nbsp; Aus der Rheinischen Post vom 22. M\u00e4rz 2012. Mit einem Klick auf das Bild wird der Artikel vergr\u00f6\u00dfert. &nbsp; Eindr\u00fccke eines Turniers vom 18.06.11 in &hellip; <a href=\"https:\/\/bsg-me.de\/?page_id=449\">Weiterlesen <span class=\"meta-nav\">&rarr;<\/span><\/a><\/p>\n","protected":false},"author":1,"featured_media":0,"parent":41,"menu_order":0,"comment_status":"closed","ping_status":"closed","template":"","meta":{"footnotes":""},"class_list":["post-449","page","type-page","status-publish","hentry"],"jetpack_sharing_enabled":true,"_links":{"self":[{"href":"https:\/\/bsg-me.de\/index.php?rest_route=\/wp\/v2\/pages\/449","targetHints":{"allow":["GET"]}}],"collection":[{"href":"https:\/\/bsg-me.de\/index.php?rest_route=\/wp\/v2\/pages"}],"about":[{"href":"https:\/\/bsg-me.de\/index.php?rest_route=\/wp\/v2\/types\/page"}],"author":[{"embeddable":true,"href":"https:\/\/bsg-me.de\/index.php?rest_route=\/wp\/v2\/users\/1"}],"replies":[{"embeddable":true,"href":"https:\/\/bsg-me.de\/index.php?rest_route=%2Fwp%2Fv2%2Fcomments&post=449"}],"version-history":[{"count":17,"href":"https:\/\/bsg-me.de\/index.php?rest_route=\/wp\/v2\/pages\/449\/revisions"}],"predecessor-version":[{"id":4409,"href":"https:\/\/bsg-me.de\/index.php?rest_route=\/wp\/v2\/pages\/449\/revisions\/4409"}],"up":[{"embeddable":true,"href":"https:\/\/bsg-me.de\/index.php?rest_route=\/wp\/v2\/pages\/41"}],"wp:attachment":[{"href":"https:\/\/bsg-me.de\/index.php?rest_route=%2Fwp%2Fv2%2Fmedia&parent=449"}],"curies":[{"name":"wp","href":"https:\/\/api.w.org\/{rel}","templated":true}]}}