{"id":463,"date":"2012-05-18T15:03:26","date_gmt":"2012-05-18T15:03:26","guid":{"rendered":"http:\/\/bsg-me.de\/?page_id=463"},"modified":"2012-07-23T10:27:03","modified_gmt":"2012-07-23T10:27:03","slug":"impressionen-wirbelsaulengymnastik","status":"publish","type":"page","link":"https:\/\/bsg-me.de\/?page_id=463","title":{"rendered":"Wirbels\u00e4ulengymnastik"},"content":{"rendered":"<p>&nbsp;<\/p>\n<p>Mit gro\u00dfem Eifer und sichtlichem Vergn\u00fcgen geht es zu bei gymnastischen \u00dcbungen, wie hier mit einem elastischen Gymnastikband &#8230;<\/p>\n<p><a href=\"https:\/\/bsg-me.de\/wp-content\/uploads\/2012\/03\/WG13.jpg\"><img fetchpriority=\"high\" decoding=\"async\" class=\"alignnone size-full wp-image-215\" title=\"Digital StillCamera\" src=\"https:\/\/bsg-me.de\/wp-content\/uploads\/2012\/03\/WG13.jpg\" alt=\"\" width=\"320\" height=\"240\" srcset=\"https:\/\/bsg-me.de\/wp-content\/uploads\/2012\/03\/WG13.jpg 640w, https:\/\/bsg-me.de\/wp-content\/uploads\/2012\/03\/WG13-300x225.jpg 300w\" sizes=\"(max-width: 320px) 100vw, 320px\" \/><\/a><a href=\"https:\/\/bsg-me.de\/wp-content\/uploads\/2012\/03\/WG3.jpg\"><img decoding=\"async\" class=\"alignright size-medium wp-image-205\" title=\"Digital StillCamera\" src=\"https:\/\/bsg-me.de\/wp-content\/uploads\/2012\/03\/WG3-225x300.jpg\" alt=\"\" width=\"225\" height=\"300\" srcset=\"https:\/\/bsg-me.de\/wp-content\/uploads\/2012\/03\/WG3-225x300.jpg 225w, https:\/\/bsg-me.de\/wp-content\/uploads\/2012\/03\/WG3.jpg 480w\" sizes=\"(max-width: 225px) 100vw, 225px\" \/><\/a><\/p>\n<p>&nbsp;<\/p>\n<p><a href=\"https:\/\/bsg-me.de\/wp-content\/uploads\/2012\/03\/WG01.jpg\"><img decoding=\"async\" class=\"alignnone size-medium wp-image-203\" title=\"Digital StillCamera\" src=\"https:\/\/bsg-me.de\/wp-content\/uploads\/2012\/03\/WG01-300x206.jpg\" alt=\"\" width=\"300\" height=\"257\" \/><\/a><\/p>\n<p>&nbsp;<\/p>\n<p>&#8230; oder mit einem Ballon die Ballance halten,<\/p>\n<p>&nbsp;<\/p>\n<p><a href=\"https:\/\/bsg-me.de\/wp-content\/uploads\/2012\/03\/WG11.jpg\"><img loading=\"lazy\" decoding=\"async\" class=\"size-medium wp-image-213 alignright\" title=\"Digital StillCamera\" src=\"https:\/\/bsg-me.de\/wp-content\/uploads\/2012\/03\/WG11-225x300.jpg\" alt=\"\" width=\"221\" height=\"347\" \/><\/a><a href=\"https:\/\/bsg-me.de\/wp-content\/uploads\/2012\/03\/WG7.jpg\"><img loading=\"lazy\" decoding=\"async\" class=\"size-medium wp-image-209 alignleft\" title=\"Digital StillCamera\" src=\"https:\/\/bsg-me.de\/wp-content\/uploads\/2012\/03\/WG7-300x225.jpg\" alt=\"\" width=\"300\" height=\"225\" srcset=\"https:\/\/bsg-me.de\/wp-content\/uploads\/2012\/03\/WG7-300x225.jpg 300w, https:\/\/bsg-me.de\/wp-content\/uploads\/2012\/03\/WG7.jpg 640w\" sizes=\"(max-width: 300px) 100vw, 300px\" \/><\/a><\/p>\n<p>&nbsp;<\/p>\n<p>&nbsp;<\/p>\n<p>&nbsp;<\/p>\n<p>&nbsp;<\/p>\n<p>&nbsp;<\/p>\n<p>&nbsp;<\/p>\n<p>aber auch mit einem Massageigel Nacken und Wirbels\u00e4ule des Vordermanns\/der Vorderfrau massieren, ist eine wohltuende und entspannende \u00dcbung.<\/p>\n<p><a href=\"https:\/\/bsg-me.de\/wp-content\/uploads\/2012\/03\/WG9.jpg\"><img loading=\"lazy\" decoding=\"async\" class=\"alignleft size-medium wp-image-211\" title=\"Digital StillCamera\" src=\"https:\/\/bsg-me.de\/wp-content\/uploads\/2012\/03\/WG9-300x225.jpg\" alt=\"\" width=\"300\" height=\"225\" srcset=\"https:\/\/bsg-me.de\/wp-content\/uploads\/2012\/03\/WG9-300x225.jpg 300w, https:\/\/bsg-me.de\/wp-content\/uploads\/2012\/03\/WG9.jpg 640w\" sizes=\"(max-width: 300px) 100vw, 300px\" \/><\/a><\/p>\n<p>&nbsp;<\/p>\n<p><a href=\"https:\/\/bsg-me.de\/wp-content\/uploads\/2012\/03\/WG8.jpg\"><img loading=\"lazy\" decoding=\"async\" title=\"Digital StillCamera\" src=\"https:\/\/bsg-me.de\/wp-content\/uploads\/2012\/03\/WG8-300x225.jpg\" alt=\"\" width=\"300\" height=\"225\" \/><\/a><\/p>\n<p>Auf dem Programm stehen auch \u00dcbungen mit einem Softball zur Kr\u00e4ftigung der Fingergelenke &#8230;<\/p>\n<p><a href=\"https:\/\/bsg-me.de\/wp-content\/uploads\/2012\/05\/WG61.jpg\"><img loading=\"lazy\" decoding=\"async\" class=\"alignleft size-medium wp-image-552\" title=\"Digital StillCamera\" src=\"https:\/\/bsg-me.de\/wp-content\/uploads\/2012\/05\/WG61-215x300.jpg\" alt=\"\" width=\"215\" height=\"300\" srcset=\"https:\/\/bsg-me.de\/wp-content\/uploads\/2012\/05\/WG61-215x300.jpg 215w, https:\/\/bsg-me.de\/wp-content\/uploads\/2012\/05\/WG61.jpg 362w\" sizes=\"(max-width: 215px) 100vw, 215px\" \/><\/a><\/p>\n<p>&nbsp;<\/p>\n<p>&nbsp;<\/p>\n<p>&nbsp;<\/p>\n<p>&nbsp;<\/p>\n<p>&#8230; und vieles mehr.<\/p>\n<p>&nbsp;<\/p>\n<p><a href=\"https:\/\/bsg-me.de\/wp-content\/uploads\/2012\/05\/Gymnastik-mit-Eva-Klang-9.jpg\"><img loading=\"lazy\" decoding=\"async\" class=\"alignleft size-medium wp-image-606\" title=\"Hilfe wir sind gefesselt\" src=\"https:\/\/bsg-me.de\/wp-content\/uploads\/2012\/05\/Gymnastik-mit-Eva-Klang-9-300x225.jpg\" alt=\"\" width=\"300\" height=\"225\" srcset=\"https:\/\/bsg-me.de\/wp-content\/uploads\/2012\/05\/Gymnastik-mit-Eva-Klang-9-300x225.jpg 300w, https:\/\/bsg-me.de\/wp-content\/uploads\/2012\/05\/Gymnastik-mit-Eva-Klang-9.jpg 320w\" sizes=\"(max-width: 300px) 100vw, 300px\" \/><\/a><\/p>\n","protected":false},"excerpt":{"rendered":"<p>&nbsp; Mit gro\u00dfem Eifer und sichtlichem Vergn\u00fcgen geht es zu bei gymnastischen \u00dcbungen, wie hier mit einem elastischen Gymnastikband &#8230; &nbsp; &nbsp; &#8230; oder mit einem Ballon die Ballance halten, &nbsp; &nbsp; &nbsp; &nbsp; &nbsp; &nbsp; &nbsp; aber auch mit &hellip; <a href=\"https:\/\/bsg-me.de\/?page_id=463\">Weiterlesen <span class=\"meta-nav\">&rarr;<\/span><\/a><\/p>\n","protected":false},"author":1,"featured_media":0,"parent":41,"menu_order":0,"comment_status":"closed","ping_status":"closed","template":"","meta":{"footnotes":""},"class_list":["post-463","page","type-page","status-publish","hentry"],"jetpack_sharing_enabled":true,"_links":{"self":[{"href":"https:\/\/bsg-me.de\/index.php?rest_route=\/wp\/v2\/pages\/463","targetHints":{"allow":["GET"]}}],"collection":[{"href":"https:\/\/bsg-me.de\/index.php?rest_route=\/wp\/v2\/pages"}],"about":[{"href":"https:\/\/bsg-me.de\/index.php?rest_route=\/wp\/v2\/types\/page"}],"author":[{"embeddable":true,"href":"https:\/\/bsg-me.de\/index.php?rest_route=\/wp\/v2\/users\/1"}],"replies":[{"embeddable":true,"href":"https:\/\/bsg-me.de\/index.php?rest_route=%2Fwp%2Fv2%2Fcomments&post=463"}],"version-history":[{"count":15,"href":"https:\/\/bsg-me.de\/index.php?rest_route=\/wp\/v2\/pages\/463\/revisions"}],"predecessor-version":[{"id":510,"href":"https:\/\/bsg-me.de\/index.php?rest_route=\/wp\/v2\/pages\/463\/revisions\/510"}],"up":[{"embeddable":true,"href":"https:\/\/bsg-me.de\/index.php?rest_route=\/wp\/v2\/pages\/41"}],"wp:attachment":[{"href":"https:\/\/bsg-me.de\/index.php?rest_route=%2Fwp%2Fv2%2Fmedia&parent=463"}],"curies":[{"name":"wp","href":"https:\/\/api.w.org\/{rel}","templated":true}]}}